{"id":11,"date":"2019-09-26T14:32:11","date_gmt":"2019-09-26T12:32:11","guid":{"rendered":"http:\/\/95.142.173.191\/?page_id=11"},"modified":"2021-07-05T17:25:26","modified_gmt":"2021-07-05T15:25:26","slug":"definition-du-coaching","status":"publish","type":"page","link":"http:\/\/generation-coach.com\/index.php\/definition-et-aspect-pratique-du-coaching\/definition-du-coaching\/","title":{"rendered":"se reconnaitre dans cette d\u00e9finition du coaching"},"content":{"rendered":"\t\t<div data-elementor-type=\"wp-page\" data-elementor-id=\"11\" class=\"elementor elementor-11\">\n\t\t\t\t\t\t<div class=\"elementor-inner\">\n\t\t\t\t<div class=\"elementor-section-wrap\">\n\t\t\t\t\t\t\t\t\t<section class=\"elementor-section elementor-top-section elementor-element elementor-element-135dadcc elementor-section-boxed elementor-section-height-default elementor-section-height-default\" data-id=\"135dadcc\" data-element_type=\"section\">\n\t\t\t\t\t\t<div class=\"elementor-container elementor-column-gap-default\">\n\t\t\t\t\t\t\t<div class=\"elementor-row\">\n\t\t\t\t\t<div class=\"elementor-column elementor-col-50 elementor-top-column elementor-element elementor-element-30b996fc\" data-id=\"30b996fc\" data-element_type=\"column\">\n\t\t\t<div class=\"elementor-column-wrap elementor-element-populated\">\n\t\t\t\t\t\t\t<div class=\"elementor-widget-wrap\">\n\t\t\t\t\t\t<div class=\"elementor-element elementor-element-2b35dda elementor-widget elementor-widget-text-editor\" data-id=\"2b35dda\" data-element_type=\"widget\" data-widget_type=\"text-editor.default\">\n\t\t\t\t<div class=\"elementor-widget-container\">\n\t\t\t\t\t\t\t\t<div class=\"elementor-text-editor elementor-clearfix\">\n\t\t\t\t<p><img loading=\"lazy\" class=\"alignnone size-full wp-image-101\" src=\"http:\/\/www.generation-coach.com\/wp-content\/uploads\/proposes01-1.jpg\" alt=\"\" width=\"193\" height=\"126\" \/><\/p><p><span style=\"color: #000080;\"><em>\u00a0\u00bb <strong>le coaching<sup>m<\/sup><\/strong> ouvre notre conscience sur une dimension suppl\u00e9mentaire porteuse de sens &#8230;\u00a0\u00bb<\/em><\/span><\/p><p style=\"text-align: center;\"><span style=\"color: #000080;\">&#8212;&#8212;&#8212;&#8212;&#8212;&#8212;&#8212;<\/span><\/p><p><span style=\"color: #000080;\">\u00a0<\/span><\/p><p><span style=\"color: #000080;\"><em><strong>Le Coaching<sup>m<\/sup><\/strong> r\u00e9pond parfaitement aux attentes \u00e9volutives du XXI\u00e8me si\u00e8cle.<\/em><\/span><\/p><p><span style=\"color: #000080;\"><em>A chaque \u00e9poque, la vie cr\u00e9e, invente pour construire son progr\u00e8s.<\/em><\/span><\/p><p><span style=\"color: #000080;\"><em>Ceux qui se donnent les moyens d&rsquo;aller plus vite et plus loin dans la r\u00e9alisation de leur vie personnelle et professionnelle, participent \u00e0 la naissance d&rsquo;une <strong>nouvelle \u00ab\u00a0G\u00e9n\u00e9ration\u00a0\u00bb<\/strong> cr\u00e9atrice de coh\u00e9rence et d&rsquo;un v\u00e9ritable pouvoir sur soi.<\/em><\/span><\/p><p><span style=\"color: #000080;\"><em>Un objectif d\u00e9sir\u00e9 et atteint, est la manifestation la plus concr\u00e8te qui soit de notre r\u00e9el pouvoir sur nous-m\u00eame.<\/em><\/span><\/p><p><span style=\"color: #000080;\"><em>En gestation, circonscrite, confidentielle, \u00e9litiste \u00e0 ses d\u00e9buts, ne concernant que les dirigeants et les sportifs de haut niveau, la demande de Coaching s&rsquo;\u00e9largit maintenant \u00e0 ceux qui se reconnaissent simplement de cette nouvelle g\u00e9n\u00e9ration.<\/em><\/span><\/p><p><span style=\"color: #000080;\"><em>Les mots \u00ab\u00a0coach\u00a0\u00bb ou \u00ab\u00a0coaching\u00a0\u00bb utilis\u00e9s dans ce site font exclusivement r\u00e9f\u00e9rence au coach ou au coaching ) ma\u00efeuticien (Coach<sup>m<\/sup>,\u00a0Coaching<sup>m<\/sup>)<sup>\u00a0<\/sup><\/em><\/span><\/p><p style=\"text-align: center;\"><span style=\"color: #000080;\">______<\/span><\/p><p>\u00a0<\/p><p>\u00a0<\/p><p>\u00a0<\/p><p>\u00a0<\/p><p>\u00a0<\/p><p>\u00a0<\/p><p>\u00a0<\/p><p>\u00a0<\/p><p>\u00a0<\/p><p>\u00a0<\/p><p>\u00a0<\/p><p>\u00a0<\/p><p>\u00a0<\/p><p>\u00a0<\/p><p>\u00a0<\/p><p>\u00a0<\/p><p>\u00a0<\/p><p>\u00a0<\/p><p>\u00a0<\/p><p>\u00a0<\/p><p>\u00a0<\/p><p>\u00a0<\/p><p>\u00a0<\/p><p>\u00a0<\/p><p>\u00a0<\/p><p>\u00a0<\/p><p>\u00a0<\/p><p>\u00a0<\/p><p>\u00a0<\/p><p>\u00a0<\/p><p>\u00a0<\/p><p>\u00a0<\/p><p>\u00a0<\/p><p>\u00a0<\/p><p>\u00a0<\/p><p>\u00a0<\/p><p>\u00a0<\/p><p>\u00a0<\/p><p>\u00a0<\/p><p>\u00a0<\/p><p>\u00a0<\/p><p>\u00a0<\/p><p>\u00a0<\/p><p>\u00a0<\/p><p>\u00a0<\/p><p>\u00a0<\/p><p>\u00a0<\/p><p>\u00a0<\/p><p>\u00a0<\/p><p>\u00a0<\/p><p>\u00a0<\/p><p>\u00a0<\/p><p>\u00a0<\/p><p>\u00a0<\/p><p>\u00a0<\/p><p>\u00a0<\/p><p>\u00a0<\/p><p>\u00a0<\/p><p>\u00a0<\/p><p>\u00a0<\/p><p>\u00a0<\/p><p style=\"text-align: center;\"><span style=\"color: #000080;\">\u00a0<\/span><\/p>\t\t\t\t\t<\/div>\n\t\t\t\t\t\t<\/div>\n\t\t\t\t<\/div>\n\t\t\t\t\t\t<\/div>\n\t\t\t\t\t<\/div>\n\t\t<\/div>\n\t\t\t\t<div class=\"elementor-column elementor-col-50 elementor-top-column elementor-element elementor-element-b30267c\" data-id=\"b30267c\" data-element_type=\"column\">\n\t\t\t<div class=\"elementor-column-wrap elementor-element-populated\">\n\t\t\t\t\t\t\t<div class=\"elementor-widget-wrap\">\n\t\t\t\t\t\t<div class=\"elementor-element elementor-element-7a4fdd2 elementor-widget elementor-widget-text-editor\" data-id=\"7a4fdd2\" data-element_type=\"widget\" data-widget_type=\"text-editor.default\">\n\t\t\t\t<div class=\"elementor-widget-container\">\n\t\t\t\t\t\t\t\t<div class=\"elementor-text-editor elementor-clearfix\">\n\t\t\t\t<h2 style=\"padding-left: 40px; text-align: left;\"><span style=\"color: #800000;\">D\u00e9finitions<\/span><\/h2>\n<h3 style=\"text-align: center;\"><strong><span style=\"color: #800000;\">Le Coaching<\/span><\/strong><\/h3>\n<p style=\"text-align: center;\"><strong><span style=\"color: #000080;\"><em>sous quel angle d\u00e9finir le coaching ?<\/em><\/span><\/strong><\/p>\n<p><span style=\"color: #000080;\">En ce qui nous concerne, nous partons des&nbsp; points de vue suivants :<\/span><\/p>\n<ul>\n<li><span style=\"color: #000080;\">la\/les <strong>action(s)<\/strong> du coach et\/ou de la personne accompagn\u00e9e<\/span><\/li>\n<li><span style=\"color: #000080;\">le\/les <strong>objectif(s)<\/strong> sous jacent(s) aux actions engag\u00e9es par le coach et\/ou la personne accompagn\u00e9e<\/span><\/li>\n<li><span style=\"color: #000080;\">le\/les <strong>r\u00e9sultat(s)<\/strong> obtenus par la\/les action(s) mises en \u0153uvre par le coach et\/ou la personne accompagn\u00e9e<\/span><\/li>\n<\/ul>\n<p><span style=\"color: #000080;\">Nous optons donc pour une d\u00e9finition incluant ces 3 dimensions, \u00e0 savoir :<\/span><\/p>\n<blockquote class=\"wp-block-quote\">\n<p><span style=\"color: #000080;\">\u00ab&nbsp;Le coaching est un accompagnement <em><strong>en miroir<\/strong> <\/em>d&rsquo;une ou de plusieurs personnes leur permettant d&rsquo;<strong>atteindre ou de d\u00e9passer<\/strong> plus rapidement et plus facilement leurs objectifs personnels et\/ou professionnels, se basant sur la science de la <strong>ma\u00efeutique<\/strong> <em>(art de <strong>faire \u00e9merger des solutions dans l&rsquo;esprit de celui que l&rsquo;on accompagne<\/strong>)<\/em> \u00bb<\/span><\/p>\n<\/blockquote>\n<figure class=\"wp-block-image\"><span style=\"color: #000080;\">&nbsp;<\/span><\/figure>\n<p><img loading=\"lazy\" class=\"alignnone size-medium wp-image-302 aligncenter\" src=\"http:\/\/www.generation-coach.com\/wp-content\/uploads\/ImageD\u00e9fCoaching-300x225.jpg\" alt=\"\" width=\"300\" height=\"225\" srcset=\"http:\/\/generation-coach.com\/wp-content\/uploads\/ImageD\u00e9fCoaching-300x225.jpg 300w, http:\/\/generation-coach.com\/wp-content\/uploads\/ImageD\u00e9fCoaching-768x576.jpg 768w, http:\/\/generation-coach.com\/wp-content\/uploads\/ImageD\u00e9fCoaching-533x400.jpg 533w, http:\/\/generation-coach.com\/wp-content\/uploads\/ImageD\u00e9fCoaching-600x450.jpg 600w, http:\/\/generation-coach.com\/wp-content\/uploads\/ImageD\u00e9fCoaching.jpg 960w\" sizes=\"(max-width: 300px) 100vw, 300px\" \/><span style=\"color: #000080;\">Une fois cette d\u00e9finition du coaching \u00e9tablie, il est toujours possible de r\u00e9sumer le coaching \u00e0 partir d&rsquo;un seul de ces points de vue, en disant : le coaching, c&rsquo;est&nbsp;<\/span><\/p>\n<ul>\n<li><span style=\"color: #000080;\">un outil de <em><strong>gestion du succ\u00e8s<\/strong><\/em><\/span><\/li>\n<li><span style=\"color: #000080;\">accompagner pour <strong><em>atteindre des objectifs<\/em><\/strong><\/span><\/li>\n<li><span style=\"color: #000080;\">l&rsquo;art de <em><strong>r\u00e9v\u00e9ler l&rsquo;autre \u00e0 lui-m\u00eame <\/strong>(ma\u00efeutique de Socrate)<\/em><\/span><\/li>\n<li><span style=\"color: #000080;\"><strong><em>faire \u00e9merger<\/em> <\/strong>des solutions<\/span><\/li>\n<li><span style=\"color: #000080;\">etc&#8230;..<\/span><\/li>\n<\/ul>\n<h3 style=\"text-align: center;\"><strong><span style=\"color: #800000;\">Le Coach<\/span><\/strong><\/h3>\n<p style=\"text-align: center;\"><strong><span style=\"color: #000080;\"><em>sous quel angle d\u00e9finir le coach ?<\/em><\/span><\/strong><\/p>\n<p><span style=\"color: #000080;\">Le coach peut \u00e9galement se d\u00e9finir sous diff\u00e9rents angles, \u00e0 savoir&nbsp;:<\/span><\/p>\n<ul>\n<li><span style=\"color: #000080;\">Qui il est<\/span><\/li>\n<li><span style=\"color: #000080;\">Ce qu&rsquo;il fait, notamment : ses actions et\/ou son objectif et\/ou les r\u00e9sultats qu&rsquo;il obtient<\/span><\/li>\n<\/ul>\n<p><span style=\"color: #000080;\">Nous avons opt\u00e9 pour une d\u00e9finition incluant ces 2 dimensions, \u00e0 savoir :<\/span><\/p>\n<blockquote>\n<p><span style=\"color: #000080;\">\u00ab&nbsp;Le coach est un <strong><em>miroir<\/em><\/strong>&nbsp;&#8211; Il&nbsp;<em style=\"font-weight: bold;\">\u00e9coute, observe sans interpr\u00e9ter et se laisse agir, <\/em>ce qui<em style=\"font-weight: bold;\"> favorise une prise de conscience acc\u00e9l\u00e9r\u00e9e<\/em> de solutions, permettant aux personnes accompagn\u00e9es, d&rsquo;atteindre et\/ou de d\u00e9passer leurs objectifs personnels et\/ou professionnels. \u00bb<\/span><\/p>\n<\/blockquote>\n<p><span style=\"color: #000080;\">Une fois cette d\u00e9finition \u00e9tablie, il est toujours possible de r\u00e9sumer le coach \u00e0 partir d&rsquo;un seul de ces points de vue, en disant :&nbsp;<\/span><\/p>\n<p><span style=\"color: #000080;\">Le coach est&nbsp;:<\/span><\/p>\n<ul>\n<li><span style=\"color: #000080;\">un catalyseur<\/span><\/li>\n<li><span style=\"color: #000080;\">un d\u00e9veloppeur de talents, d&rsquo;excellence<\/span><\/li>\n<li><span style=\"color: #000080;\">un jardinier, un \u00e9claireur, un emp\u00eacheur de tourner en rond,<\/span><\/li>\n<li><span style=\"color: #000080;\">un d\u00e9fricheur d&rsquo;\u00e2me<\/span><\/li>\n<li><span style=\"color: #000080;\">un miroir de soi<\/span><\/li>\n<li><span style=\"color: #000080;\">etc&#8230;&#8230;&#8230;<\/span><\/li>\n<\/ul>\n<h2 style=\"padding-left: 40px;\"><span style=\"color: #800000;\">Diff\u00e9renciation&nbsp;<\/span><\/h2>\n<h3><span style=\"color: #800000;\">Coaching<sup>m<\/sup> \/ Conseil<\/span><\/h3>\n<p><span style=\"color: #000080;\">L&rsquo;accompagnement en miroir qu&rsquo;est le coaching<sup>m<\/sup> se distingue de l<strong>&lsquo;accompagnement en compl\u00e9ment<\/strong> qu&rsquo;est le conseil.<\/span><\/p>\n<p><span style=\"color: #000080;\">Ce sont deux fa\u00e7ons diff\u00e9rentes <em>(voir oppos\u00e9es)<\/em>, d&rsquo;\u00eatre et de faire.<\/span><\/p>\n<p><span style=\"color: #000080;\">Le <em>\u00ab&nbsp;coaching&nbsp;\u00bb<\/em> est souvent confondu avec le&nbsp; conseil, alors que leur principe et leur r\u00e9alit\u00e9 diff\u00e8re.<\/span><\/p>\n<ul>\n<li><span style=\"color: #000080;\"><strong>Conseille<\/strong>r une personne, c&rsquo;est lui <em><strong>donner une solution \u00e9prouv\u00e9e<\/strong><\/em> pour lui permettre d&rsquo;atteindre l&rsquo;objectif qu&rsquo;il s&rsquo;est fix\u00e9.<\/span><\/li>\n<li><span style=\"color: #000080;\"><strong>Coacher<\/strong> une personne, c&rsquo;est <strong><em>faire \u00e9merger sa solution<\/em><\/strong> en focalisant, orientant, mettant en situation de changer d&rsquo;interpr\u00e9tation, de croyance, de v\u00e9cu \u00e9motionnel &#8230;. et lui permettre ainsi de r\u00e9aliser son\/ses objectif(s).<\/span><\/li>\n<\/ul>\n<p><span style=\"color: #000080;\">Si, dans les deux cas, la finalit\u00e9 est l&rsquo;atteinte d&rsquo;un objectif, la fa\u00e7on de proc\u00e9der et le r\u00e9sultat pour la personne accompagn\u00e9e sont radicalement diff\u00e9rents.<\/span><\/p>\n<h3><img loading=\"lazy\" class=\"wp-image-338 aligncenter\" src=\"http:\/\/www.generation-coach.com\/wp-content\/uploads\/ImageCoachConseil-1-300x225.jpg\" alt=\"\" width=\"421\" height=\"316\" srcset=\"http:\/\/generation-coach.com\/wp-content\/uploads\/ImageCoachConseil-1-300x225.jpg 300w, http:\/\/generation-coach.com\/wp-content\/uploads\/ImageCoachConseil-1-768x576.jpg 768w, http:\/\/generation-coach.com\/wp-content\/uploads\/ImageCoachConseil-1-533x400.jpg 533w, http:\/\/generation-coach.com\/wp-content\/uploads\/ImageCoachConseil-1-600x450.jpg 600w, http:\/\/generation-coach.com\/wp-content\/uploads\/ImageCoachConseil-1.jpg 960w\" sizes=\"(max-width: 421px) 100vw, 421px\" \/><\/h3>\n<h3>&nbsp;<\/h3>\n<h3><span style=\"color: #800000;\">Coaching<sup>m<\/sup> \/ Th\u00e9rapies<\/span><\/h3>\n<p><span style=\"color: #000080;\">L&rsquo;accompagnement en miroir qu&rsquo;est le coaching<sup>m<\/sup> se distingue de l<strong><em>&lsquo;accompagnement th\u00e9rapeutique<\/em> <\/strong>que sont les th\u00e9rapies.<\/span><\/p>\n<p><span style=\"color: #000080;\">La confusion est d&rsquo;autant plus facile que le coaching<sup>m<\/sup> est un accompagnement qui g\u00e9n\u00e8re du mieux-\u00eatre.<\/span><\/p>\n<ul>\n<li><span style=\"color: #000080;\"><strong>Traiter <\/strong>une personne, c&rsquo;est <strong>prescrire et\/ou appliquer une solution th\u00e9rapeutique<\/strong><em> (m\u00e9dicament, technique&#8230;)<\/em> pour lui permettre d&rsquo;atteindre l&rsquo;objectif de gu\u00e9rir.<\/span><\/li>\n<li><span style=\"color: #000080;\"><strong>Coacher<\/strong> une personne, c&rsquo;est <strong><em>faire \u00e9merger sa solution<\/em><\/strong> en focalisant, orientant, mettant en situation de changer d&rsquo;interpr\u00e9tation, de croyance, de v\u00e9cu \u00e9motionnel &#8230;. et lui permettre ainsi de r\u00e9aliser sa gu\u00e9rison.<\/span><\/li>\n<\/ul>\n<p style=\"padding-left: 40px;\"><em><span style=\"color: #000080;\">Lorsque la demande du client met en \u00e9vidence une pathologie, le coach \u00e9coute la capacit\u00e9 ou non de son client \u00e0 faire appel \u00e0 ses ressources (\u00e0 mobiliser son \u00e9nergie), ce qui fait \u00e9merger l&rsquo;orientation ou non vers une th\u00e9rapie pr\u00e9alable ou compl\u00e9mentaire.<\/span><\/em><\/p>\n<h3><span style=\"color: #800000;\">Coaching<sup>m<\/sup> \/ Gourou<\/span><\/h3>\n<p><span style=\"color: #000080;\">L&rsquo;accompagnement en miroir qu&rsquo;est le coaching<sup>m<\/sup> se distingue de<strong> l&rsquo;asservissement mental<\/strong> qu&rsquo;exerce un gourou.<\/span><\/p>\n<p><span style=\"color: #000080;\">Le risque d&rsquo;asservissement mental existe d\u00e8s lors qu&rsquo;une <strong>solution est affirm\u00e9e <\/strong>au d\u00e9triment de toute autre solution.&nbsp;<\/span><\/p>\n<ul>\n<li><span style=\"color: #000080;\"><strong>Asservir mentalement <\/strong>une personne, <strong>c&rsquo;est obtenir d&rsquo;elle de d\u00e9cider \u00e0 sa place <\/strong>pour servir d&rsquo;autres objectifs que les siens.&nbsp;<\/span><\/li>\n<li><span style=\"color: #000080;\"><strong>Coacher<\/strong> une personne, c&rsquo;est faire \u00e9merger la solution en <strong><em>formulant des hypoth\u00e8ses <\/em><\/strong>valider par elle<strong><em>&nbsp;<\/em><\/strong>et lui permettre ainsi de r\u00e9aliser ses objectifs.<\/span><\/li>\n<\/ul>\n<p style=\"padding-left: 40px;\"><span style=\"color: #000080;\"><em> Si la demande d&rsquo;un client contient un besoin d&rsquo;\u00eatre pris en charge, ce dernier est automatiquement confront\u00e9 dans un coaching \u00e0 assumer concr\u00e8tement ses responsabilit\u00e9s, ses d\u00e9cisions, ses choix, ses solutions&#8230;&#8230;&#8230;.. ce qui le conduira \u00e0 arr\u00eater le coaching.<\/em><\/span><\/p>\t\t\t\t\t<\/div>\n\t\t\t\t\t\t<\/div>\n\t\t\t\t<\/div>\n\t\t\t\t\t\t<\/div>\n\t\t\t\t\t<\/div>\n\t\t<\/div>\n\t\t\t\t\t\t\t\t<\/div>\n\t\t\t\t\t<\/div>\n\t\t<\/section>\n\t\t\t\t\t\t\t\t\t<\/div>\n\t\t\t<\/div>\n\t\t\t\t\t<\/div>\n\t\t","protected":false},"excerpt":{"rendered":"<p>\u00a0\u00bb le coachingm ouvre notre conscience sur une dimension suppl\u00e9mentaire porteuse de sens &#8230;\u00a0\u00bb &#8212;&#8212;&#8212;&#8212;&#8212;&#8212;&#8212; \u00a0 Le Coachingm r\u00e9pond parfaitement [&hellip;]<\/p>\n","protected":false},"author":1,"featured_media":0,"parent":9,"menu_order":0,"comment_status":"closed","ping_status":"closed","template":"","meta":{"spay_email":""},"_links":{"self":[{"href":"http:\/\/generation-coach.com\/index.php\/wp-json\/wp\/v2\/pages\/11"}],"collection":[{"href":"http:\/\/generation-coach.com\/index.php\/wp-json\/wp\/v2\/pages"}],"about":[{"href":"http:\/\/generation-coach.com\/index.php\/wp-json\/wp\/v2\/types\/page"}],"author":[{"embeddable":true,"href":"http:\/\/generation-coach.com\/index.php\/wp-json\/wp\/v2\/users\/1"}],"replies":[{"embeddable":true,"href":"http:\/\/generation-coach.com\/index.php\/wp-json\/wp\/v2\/comments?post=11"}],"version-history":[{"count":66,"href":"http:\/\/generation-coach.com\/index.php\/wp-json\/wp\/v2\/pages\/11\/revisions"}],"predecessor-version":[{"id":2795,"href":"http:\/\/generation-coach.com\/index.php\/wp-json\/wp\/v2\/pages\/11\/revisions\/2795"}],"up":[{"embeddable":true,"href":"http:\/\/generation-coach.com\/index.php\/wp-json\/wp\/v2\/pages\/9"}],"wp:attachment":[{"href":"http:\/\/generation-coach.com\/index.php\/wp-json\/wp\/v2\/media?parent=11"}],"curies":[{"name":"wp","href":"https:\/\/api.w.org\/{rel}","templated":true}]}}