{"id":16,"date":"2019-09-26T14:36:03","date_gmt":"2019-09-26T12:36:03","guid":{"rendered":"http:\/\/95.142.173.191\/?page_id=16"},"modified":"2019-11-08T16:54:36","modified_gmt":"2019-11-08T15:54:36","slug":"deontologie-vous-pouvez-consulter","status":"publish","type":"page","link":"http:\/\/generation-coach.com\/index.php\/definition-et-aspect-pratique-du-coaching\/deontologie-vous-pouvez-consulter\/","title":{"rendered":"se reconnaitre dans cette D\u00e9ontologie du coaching"},"content":{"rendered":"\t\t<div data-elementor-type=\"wp-page\" data-elementor-id=\"16\" class=\"elementor elementor-16\">\n\t\t\t\t\t\t<div class=\"elementor-inner\">\n\t\t\t\t<div class=\"elementor-section-wrap\">\n\t\t\t\t\t\t\t\t\t<section class=\"elementor-section elementor-top-section elementor-element elementor-element-cbfd6bc elementor-section-boxed elementor-section-height-default elementor-section-height-default\" data-id=\"cbfd6bc\" data-element_type=\"section\">\n\t\t\t\t\t\t<div class=\"elementor-container elementor-column-gap-default\">\n\t\t\t\t\t\t\t<div class=\"elementor-row\">\n\t\t\t\t\t<div class=\"elementor-column elementor-col-50 elementor-top-column elementor-element elementor-element-78e597c0\" data-id=\"78e597c0\" data-element_type=\"column\">\n\t\t\t<div class=\"elementor-column-wrap\">\n\t\t\t\t\t\t\t<div class=\"elementor-widget-wrap\">\n\t\t\t\t\t\t\t\t<\/div>\n\t\t\t\t\t<\/div>\n\t\t<\/div>\n\t\t\t\t<div class=\"elementor-column elementor-col-50 elementor-top-column elementor-element elementor-element-755a89a\" data-id=\"755a89a\" data-element_type=\"column\">\n\t\t\t<div class=\"elementor-column-wrap\">\n\t\t\t\t\t\t\t<div class=\"elementor-widget-wrap\">\n\t\t\t\t\t\t\t\t<\/div>\n\t\t\t\t\t<\/div>\n\t\t<\/div>\n\t\t\t\t\t\t\t\t<\/div>\n\t\t\t\t\t<\/div>\n\t\t<\/section>\n\t\t\t\t<section class=\"elementor-section elementor-top-section elementor-element elementor-element-4300362 elementor-section-boxed elementor-section-height-default elementor-section-height-default\" data-id=\"4300362\" data-element_type=\"section\">\n\t\t\t\t\t\t<div class=\"elementor-container elementor-column-gap-default\">\n\t\t\t\t\t\t\t<div class=\"elementor-row\">\n\t\t\t\t\t<div class=\"elementor-column elementor-col-50 elementor-top-column elementor-element elementor-element-36221b0\" data-id=\"36221b0\" data-element_type=\"column\">\n\t\t\t<div class=\"elementor-column-wrap elementor-element-populated\">\n\t\t\t\t\t\t\t<div class=\"elementor-widget-wrap\">\n\t\t\t\t\t\t<div class=\"elementor-element elementor-element-1f1bb47 elementor-widget elementor-widget-text-editor\" data-id=\"1f1bb47\" data-element_type=\"widget\" data-widget_type=\"text-editor.default\">\n\t\t\t\t<div class=\"elementor-widget-container\">\n\t\t\t\t\t\t\t\t<div class=\"elementor-text-editor elementor-clearfix\">\n\t\t\t\t<h3 style=\"text-align: center;\"><span style=\"color: #800000;\"><strong>PRINCIPES DE BASE<\/strong><\/span><\/h3>\n<p><img loading=\"lazy\" src=\"http:\/\/www.generation-coach.com\/wp-content\/uploads\/deontologie2-1.jpg\" alt=\"\" width=\"185\" height=\"209\" \/><\/p>\n<p>\u00a0<\/p>\n<p style=\"text-align: center;\"><em><span style=\"color: #000080;\">\u00a0\u00bb Le coach qui fait confiance \u00e0 la capacit\u00e9 de discernement de l&rsquo;autre \u00e9vite de le rassurer faussement &#8230;.\u00a0\u00bb<\/span><\/em><\/p>\n<p style=\"text-align: center;\"><span style=\"color: #000080;\">&#8212;&#8212;&#8211;<\/span><\/p>\n<p align=\"justify\">\u00a0<\/p>\n<p style=\"text-align: center;\" align=\"justify\"><span style=\"color: #000080;\">Notre d\u00e9ontologie est bas\u00e9e sur <\/span><\/p>\n<p style=\"text-align: center;\" align=\"justify\"><span style=\"color: #000080;\"><span style=\"color: #800000;\"><em><strong>la loi du moindre effort.<\/strong> <\/em><\/span><\/span><\/p>\n<p style=\"text-align: center;\" align=\"justify\"><strong style=\"text-align: center;\"><span style=\"font-family: 'comic sans ms', sans-serif; font-size: medium; color: #000080;\">Pourquoi vouloir faire dans l&rsquo;instant pr\u00e9sent ce qui n&rsquo;est pas en V\u00e9rit\u00e9 avec son savoir-\u00eatre du moment ?<\/span><\/strong><\/p>\n<p style=\"text-align: left;\" align=\"justify\"><span style=\"color: #000080;\">Cela demande beaucoup d&rsquo;\u00e9nergie, prend beaucoup de temps et n&rsquo;aboutit pas toujours \u00e0 ce que nous <em>voulons<\/em> v\u00e9ritablement, ce qui est source de d\u00e9sillusions.<\/span><\/p>\n<p style=\"text-align: left;\"><span style=\"color: #000080;\"><!-- \/wp:paragraph --><!-- wp:paragraph --><\/span><\/p>\n<p style=\"text-align: left;\"><span style=\"color: #000080;\"><!-- \/wp:paragraph --><!-- wp:paragraph --><\/span><\/p>\n<p style=\"text-align: left;\"><span style=\"color: #000080;\">L&rsquo;efficacit\u00e9 d&rsquo;un coach r\u00e9siderait dans sa capacit\u00e9 \u00e0 Etre sa r\u00e9alit\u00e9 pr\u00e9sente, ce qui n\u00e9cessiterait de <strong><em>\u00ab\u00a0l\u00e2cher prise\u00a0\u00bb<\/em><\/strong> sans rien vouloir \u00eatre, except\u00e9 ce que nous sommes dans l&rsquo;instant.\u00a0<\/span><\/p>\n<p style=\"text-align: left;\"><span style=\"color: #000080;\"><!-- \/wp:paragraph --><!-- wp:paragraph --><\/span><\/p>\n<p style=\"text-align: left;\"><span style=\"color: #000080;\"><em>\u00a0Vouloir<\/em> \u00eatre coach emp\u00eacherait de l&rsquo;Etre en induisant<\/span><span style=\"color: #000080;\"> une distance\u00a0 qui limiterait l&rsquo;efficacit\u00e9. <\/span><span style=\"color: #000080;\">Les coachs excellent d\u00e8s lors qu&rsquo;ils n&rsquo;essayent pas d&rsquo;\u00eatre ce qu&rsquo;ils ne sont pas dans l&rsquo;instant.\u00a0<\/span><\/p>\n<p style=\"text-align: left;\"><span style=\"color: #000080;\"><!-- \/wp:paragraph --><!-- wp:paragraph --><\/span><\/p>\n<p style=\"text-align: left;\"><span style=\"color: #000080;\">Un coach qui fait qui il est dans l&rsquo;instant, est connect\u00e9 \u00e0 sa comp\u00e9tence.\u00a0 \u00a0 \u00a0 \u00a0 \u00a0 \u00a0 \u00a0 \u00a0 \u00a0 \u00a0 \u00a0 \u00a0 \u00a0 \u00a0 \u00a0 \u00a0 \u00a0 \u00a0 \u00a0 \u00a0 \u00a0 <\/span><span style=\"color: #000080;\">De c<\/span><span style=\"color: #000080;\">ette <em>attitude int\u00e9rieure<\/em> na\u00eet une conscience, une vigilance, du courage&#8230; qui permettent d&rsquo;agir <em>avec facilit\u00e9, fluidit\u00e9 et justesse.<\/em><\/span><\/p>\n<p style=\"text-align: center;\"><span style=\"color: #000080;\"><em>&#8212;&#8211;<\/em><\/span><\/p>\n<p><span style=\"color: #000080;\">Comment faire vivre concr\u00e8tement ce principe dans une activit\u00e9 de coach ?\u00a0<\/span><\/p>\n<p><span style=\"color: #000080;\">En \u00e9tant vigilant et courageux \u00e0 tous les niveaux de sa communication, ici et maintenant, tout en reconnaissant et en acceptant imm\u00e9diatement ou \u00e0 post\u00e9riori, de ne pas toujours l&rsquo;avoir \u00e9t\u00e9.\u00a0<\/span><\/p>\n<p><span style=\"color: #000080;\">Cela nous am\u00e8ne \u00e0 la d\u00e9finition d&rsquo;un <strong>CODE D&rsquo;EVIDENCE<\/strong> \u00e0 partir d&rsquo;un\u00a0<em>\u00a0unique devoir<\/em>\u00a0:\u00a0<strong><em>\u00ab\u00a0me respecter pour savoir v\u00e9ritablement respecter l&rsquo;autre\u00a0\u00bb.<\/em><\/strong><\/span><\/p>\n<p>\u00a0<\/p>\n<p>\u00a0<\/p>\n<p>\u00a0<\/p>\n<p>\u00a0<\/p>\n<p>\u00a0<\/p>\n<p>\u00a0<\/p>\n<p>\u00a0<\/p>\n<p>\u00a0<\/p>\n<p>\u00a0<\/p>\n<p>\u00a0<\/p>\n<p>\u00a0<\/p>\n<p>\u00a0<\/p>\n<p>\u00a0<\/p>\n<p>\u00a0<\/p>\n<p>\u00a0<\/p>\n<p>\u00a0<\/p>\n<p>\u00a0<\/p>\n<p>\u00a0<\/p>\n<p>\u00a0<\/p>\n<p>\u00a0<\/p>\n<p>\u00a0<\/p>\n<p>\u00a0<\/p>\n<p>\u00a0<\/p>\n<p>\u00a0<\/p>\n<p>\u00a0<\/p>\n<p>\u00a0<\/p>\n<p>\u00a0<\/p>\n<p>\u00a0<\/p>\n<p>\u00a0<\/p>\n<p>\u00a0<\/p>\n<p>\u00a0<\/p>\n<p>\u00a0<\/p>\n<p>\u00a0<\/p>\n<div>\u00a0<\/div>\n<div>\u00a0<\/div>\n<div>\u00a0<\/div>\n<div>\u00a0<\/div>\n<div>\u00a0<\/div>\n<div>\u00a0<\/div>\n<div>\u00a0<\/div>\n<div>\u00a0<\/div>\n<div>\u00a0<\/div>\n<div>\u00a0<\/div>\n<div>\u00a0<\/div>\n<div>\u00a0<\/div>\n<div>\u00a0<\/div>\n<div>\u00a0<\/div>\n<div>\u00a0<\/div>\n<div>\u00a0<\/div>\n<div>\u00a0<\/div>\n<div>\u00a0<\/div>\n<div>\u00a0<\/div>\n<div>\u00a0<\/div>\n<div>\u00a0<\/div>\n<div>\u00a0<\/div>\n<div>\u00a0<\/div>\n<div>\u00a0<\/div>\n<div>\u00a0<\/div>\n<div>\u00a0<\/div>\n<div>\u00a0<\/div>\n<div>\u00a0<\/div>\n<div>\u00a0<\/div>\n<div>\u00a0<\/div>\t\t\t\t\t<\/div>\n\t\t\t\t\t\t<\/div>\n\t\t\t\t<\/div>\n\t\t\t\t\t\t<\/div>\n\t\t\t\t\t<\/div>\n\t\t<\/div>\n\t\t\t\t<div class=\"elementor-column elementor-col-50 elementor-top-column elementor-element elementor-element-fcad363\" data-id=\"fcad363\" data-element_type=\"column\">\n\t\t\t<div class=\"elementor-column-wrap elementor-element-populated\">\n\t\t\t\t\t\t\t<div class=\"elementor-widget-wrap\">\n\t\t\t\t\t\t<div class=\"elementor-element elementor-element-0508761 elementor-widget elementor-widget-text-editor\" data-id=\"0508761\" data-element_type=\"widget\" data-widget_type=\"text-editor.default\">\n\t\t\t\t<div class=\"elementor-widget-container\">\n\t\t\t\t\t\t\t\t<div class=\"elementor-text-editor elementor-clearfix\">\n\t\t\t\t<h3 style=\"text-align: center;\"><span style=\"color: #800000;\">ARTICLES<\/span><\/h3>\n<p><img loading=\"lazy\" class=\"alignnone  wp-image-423 aligncenter\" src=\"http:\/\/www.generation-coach.com\/wp-content\/uploads\/CorpsdesLettres.jpg\" alt=\"\" width=\"215\" height=\"215\" srcset=\"http:\/\/generation-coach.com\/wp-content\/uploads\/CorpsdesLettres.jpg 225w, http:\/\/generation-coach.com\/wp-content\/uploads\/CorpsdesLettres-150x150.jpg 150w, http:\/\/generation-coach.com\/wp-content\/uploads\/CorpsdesLettres-100x100.jpg 100w\" sizes=\"(max-width: 215px) 100vw, 215px\" \/><\/p>\n<p style=\"text-align: center;\"><span style=\"color: #800000;\"><strong><em>Article 1\u00a0: <\/em><\/strong><\/span><\/p>\n<p style=\"text-align: center;\"><span style=\"color: #800000;\"><strong><em>Sinc\u00e9rit\u00e9 -&gt; Respect de soi -&gt; Confiance<\/em><\/strong><\/span><\/p>\n<figure class=\"wp-block-image\"><span style=\"color: #000080;\"><img class=\"alignright\" src=\"http:\/\/localhost\/gen_coach\/uploads\/images\/illustrations\/deontologie\/image.jpg\" alt=\"\" \/><\/span><\/figure>\n<p style=\"text-align: left;\"><span style=\"color: #000080;\">Un coach qui se respecte, respecte n\u00e9cessairement l\u2019autre.<\/span><br \/><span style=\"color: #000080;\">Il n&rsquo;est pas dans le\u00a0<em>\u00ab\u00a0vouloir\u00a0\u00bb\u00a0<\/em>respecter, il respecte l&rsquo;autre en \u00e9tant simplement sinc\u00e8re avec lui m\u00eame.<\/span><\/p>\n<p style=\"text-align: left;\"><span style=\"color: #000080;\"><em>Exemple : un coach peut avoir envie de se former et s&rsquo;en remettre \u00e0 la supervision d&rsquo;un autre coach puisqu&rsquo;il en sent la n\u00e9cessit\u00e9, comme il peut ne pas le faire s&rsquo;il ne le sent pas.<\/em><\/span><br \/><span style=\"color: #000080;\"><em>Le plus important n\u2019est pas la supervision, mais la v\u00e9rit\u00e9 du coach avec lui-m\u00eame lorsqu\u2019il se fait superviser (son envie ou sa non envie 1\u00e8re).<\/em><\/span><\/p>\n<p style=\"text-align: left;\"><span style=\"color: #000080;\">FAIRE en accord avec ce que l\u2019on sent, \u00eatre sinc\u00e8re, EST se respecter et respecter l\u2019autre.<\/span><br \/><span style=\"color: #000080;\">L\u2019autre pouvant facilement \u00eatre abus\u00e9 par les apparences, seule la v\u00e9rit\u00e9 du coach avec lui-m\u00eame garantie le respect qu&rsquo;il a pour lui-m\u00eame et donc pour l\u2019autre.<\/span><br \/><span style=\"color: #000080;\"><em>Respecter se traduit par exemple par le fait de laisser l&rsquo;autre libre de faire un choix qui peut \u00eatre contraire \u00e0 ce que l\u2019on voudrait pour lui.<\/em><\/span><\/p>\n<p style=\"text-align: left;\"><span style=\"color: #000080;\">Lorsque le coach prend le risque de d\u00e9plaire \u00e0 son client donc de le perdre, en ne le rassurant pas faussement, il place son client devant l\u2019obligation de discerner par lui-m\u00eame.<\/span><br \/><span style=\"color: #000080;\">Ce comportement du coach est une fa\u00e7on de dire \u00e0 son client<em>\u00a0la confiance<\/em>\u00a0qu\u2019il a dans la capacit\u00e9 du client \u00e0 discerner.\u00a0<\/span><br \/><span style=\"color: #000080;\">Le client per\u00e7oit n\u00e9cessairement la sinc\u00e9rit\u00e9 du coach, discerne, et fait donc le constat qu\u2019il sait le faire.<\/span><\/p>\n<p style=\"text-align: left;\"><span style=\"color: #000080;\">Un coach qui \u00e9vite de rassurer faussement son client en prenant appui sur l&rsquo;avis d&rsquo;un tiers, permet \u00e0 ce client d&rsquo;avoir acc\u00e8s pleinement \u00e0 sa ressource \u00ab\u00a0discernement\u00a0\u00bb.<\/span><br \/><span style=\"color: #000080;\">Dans notre exemple, s\u2019il utilise aupr\u00e8s d\u2019autres le fait qu\u2019il se fait superviser pour garantir sa qualit\u00e9, le message qui passera sera le suivant : \u00ab\u00a0d&rsquo;autres que vous ont dit que j&rsquo;\u00e9tais bon\u00a0\u00bb ce qui veut dire en clair :\u00a0<em>\u00ab\u00a0je ne crois pas en votre capacit\u00e9 \u00e0 discerner que je suis bon\u00a0\u00bb.\u00a0<\/em><\/span><br \/><span style=\"color: #000080;\">Il ne se fait pas confiance donc il ne peut pas faire confiance \u00e0 son client.<\/span><br \/><span style=\"color: #000080;\">Ce manque de confiance aura pour cons\u00e9quence de brider l&rsquo;expression spontan\u00e9e de la capacit\u00e9 propre \u00e0 discerner de son client, ce qui est l\u2019inverse du travail d\u2019un coach.<\/span><\/p>\n<p style=\"text-align: left;\"><span style=\"color: #800000;\"><em><strong>Sinc\u00e9rit\u00e9 -&gt; Transparence<\/strong><\/em><\/span><\/p>\n<p style=\"text-align: left;\"><span style=\"color: #000080;\">Un coach qui se respecte est transparent ou dit sa non transparence. Il n&rsquo;a rien \u00e0 cacher ou dit clairement la limite au-del\u00e0 de laquelle il ne peut se montrer. La transparence qu&rsquo;EST sa sinc\u00e9rit\u00e9 fait toute la puissance de son action.<\/span><\/p>\n<p style=\"text-align: left;\"><span style=\"color: #800000;\"><strong><em>Confiance<\/em><\/strong><\/span><\/p>\n<p style=\"text-align: left;\"><span style=\"color: #000080;\">Un coach qui se conna\u00eet fait confiance \u00e0 l&rsquo;autre et en sa capacit\u00e9 d&rsquo;honn\u00eatet\u00e9. Il reste cependant lucide sur la capacit\u00e9 pr\u00e9sente de l&rsquo;autre \u00e0 vivre ou non cette honn\u00eatet\u00e9. S&rsquo;il sait l&rsquo;autre incapable d\u2019honn\u00eatet\u00e9 dans l&rsquo;instant, il lui dira sans jugement qu&rsquo;il voit cette incapacit\u00e9 et qu\u2019il ne la confond pas avec ce qu\u2019est son client. Le manque d&rsquo;honn\u00eatet\u00e9 est seulement une cons\u00e9quence d&rsquo;un non-\u00eatre.<\/span><\/p>\n<p style=\"text-align: left;\"><span style=\"color: #000080;\">Si le coach ne fait pas confiance en son client et se respecte, il dira clairement son manque de confiance et son incapacit\u00e9 \u00e0 poursuivre sa mission.<\/span><\/p>\n<p style=\"text-align: center;\"><span style=\"color: #800000;\"><em><strong>Article 2\u00a0: <\/strong><\/em><\/span><\/p>\n<p style=\"text-align: center;\"><span style=\"color: #800000;\"><em><strong>Respect de la diff\u00e9rence de son client<\/strong><\/em><\/span><\/p>\n<p style=\"text-align: left;\"><span style=\"color: #000080;\">Un coach qui se conna\u00eet sait qu&rsquo;il n&rsquo;est ni plus ni moins que son client, quelque soit le niveau social, intellectuel ou physique de celui-ci. S&rsquo;il ne le sait pas, et s&rsquo;il se respecte, il exercera le m\u00e9tier de coach aupr\u00e8s de ceux dont il accepte la diff\u00e9rence, et proposera un autre coach aux autres.<\/span><\/p>\n<p style=\"text-align: center;\"><span style=\"color: #800000;\">\u00a0<em><strong>Article 3\u00a0: <\/strong><\/em><\/span><\/p>\n<p style=\"text-align: center;\"><span style=\"color: #800000;\"><em><strong>Confidentialit\u00e9<\/strong><\/em><\/span><\/p>\n<p style=\"text-align: left;\"><span style=\"color: #000080;\">Le coach qui se respecte sait que rien de l&rsquo;autre ne lui appartient et qu&rsquo;il ne peut donc s&rsquo;en servir ni s&rsquo;en pr\u00e9valoir sans son accord.<\/span><\/p>\n<p style=\"text-align: left;\"><span style=\"color: #000080;\">Il ne\u00a0<em>s&rsquo;astreindra<\/em>\u00a0\u00e0 aucune confidentialit\u00e9, il n&rsquo;en aura pas besoin, il agira spontan\u00e9ment, naturellement en la respectant. Il s\u2019appuiera sur son savoir-\u00eatre et non sur un\u00a0<em>vouloir-\u00eatre<\/em>. S&rsquo;il doute de sa capacit\u00e9 \u00e0 la respecter, il aura l&rsquo;honn\u00eatet\u00e9 de le dire et assumera les cons\u00e9quences de son incapacit\u00e9 pr\u00e9sente.<\/span><\/p>\n<p style=\"text-align: center;\"><span style=\"color: #800000;\"><em><strong>Article 4\u00a0: <\/strong><\/em><\/span><\/p>\n<p style=\"text-align: center;\"><span style=\"color: #800000;\"><em><strong>Humilit\u00e9<\/strong><\/em><\/span><\/p>\n<p style=\"text-align: left;\"><span style=\"color: #000080;\">Un coach qui se respecte a toujours \u00e0 l&rsquo;esprit qu&rsquo;il peut \u00e0 tout moment manquer d&rsquo;humilit\u00e9. Lors de sa prestation, il a l&rsquo;honn\u00eatet\u00e9 de le reconna\u00eetre afin de maintenir la v\u00e9rit\u00e9 de la relation avec l&rsquo;autre, seule capable de garantir en continu l&rsquo;efficacit\u00e9 de son travail. Le manque d&rsquo;humilit\u00e9 non reconnu cr\u00e9\u00e9 une distance pr\u00e9judiciable \u00e0 la relation de confiance \u00e9tablie, parce qu&rsquo;elle place le coach en position illusoire de sup\u00e9riorit\u00e9 par rapport \u00e0 l&rsquo;autre<\/span><\/p>\n<p style=\"text-align: center;\"><span style=\"color: #800000;\"><strong><em>Article 5\u00a0: <\/em><\/strong><\/span><\/p>\n<p style=\"text-align: center;\"><span style=\"color: #800000;\"><strong><em>Investissement total dans sa mission &#8211; Engagement<\/em><\/strong><\/span><\/p>\n<p style=\"text-align: left;\"><span style=\"color: #000080;\">Le coach ne s&rsquo;oblige a rien, il s&rsquo;investit totalement dans sa mission s&rsquo;il est sinc\u00e8re avec lui-m\u00eame, et trouve en lui l&rsquo;\u00e9nergie pour le faire compl\u00e8tement. S&rsquo;il fait le constat de son incapacit\u00e9 pr\u00e9sente \u00e0 r\u00e9pondre \u00e0 la demande de son client il en parlera \u00e0 ce dernier et prendra avec lui la\/les d\u00e9cision(s) qui s&rsquo;imposent, notamment celle d&rsquo;une orientation vers un autre coach.<\/span><\/p>\n<p style=\"text-align: center;\"><span style=\"color: #800000;\"><em><strong>Article 6\u00a0: <\/strong><\/em><\/span><\/p>\n<p style=\"text-align: center;\"><span style=\"color: #800000;\"><em><strong>Responsabilit\u00e9<\/strong><\/em><\/span><\/p>\n<figure class=\"wp-block-image\"><span style=\"color: #000080;\"><img class=\"alignright\" src=\"http:\/\/localhost\/gen_coach\/uploads\/images\/illustrations\/deontologie\/image3.jpg\" alt=\"\" \/>Un coach qui se respecte est n\u00e9cessairement responsable de ses actes et paroles. Il r\u00e9alise sa prestation dans le respect d&rsquo;une parfaite sinc\u00e9rit\u00e9. S&rsquo;il prend conscience en cours de mission de ses difficult\u00e9s \u00e0 poursuivre son action, il a l&rsquo;honn\u00eatet\u00e9 d&rsquo;en avertir l&rsquo;autre et notamment de rembourser \u00e0 son client l&rsquo;int\u00e9gralit\u00e9 ou une partie des honoraires per\u00e7us. S&rsquo;il ne peut poursuivre sa mission avec un client, suite \u00e0 un cas de force majeur non garantit par son contrat d&rsquo;assurance, sa mission sera report\u00e9e dans le temps ou rembours\u00e9e \u00e0 hauteur des honoraires per\u00e7us en cas d&rsquo;impossibilit\u00e9 de report.<\/span><\/figure>\n<p style=\"text-align: left;\"><span style=\"color: #000080;\">Le client qui choisi le coach est seul responsable de son choix. Si une entreprise choisi un coach pour ses salari\u00e9s et que les salari\u00e9s acceptent ce choix, les salari\u00e9s coach\u00e9s seront seuls responsables de leur d\u00e9cision d&rsquo;acceptation, donc du choix de ce coach. Si le coach est sinc\u00e8re et sent la non responsabilit\u00e9 de la d\u00e9cision des salari\u00e9s, il les mettra en situation de prendre leurs responsabilit\u00e9s avant tout engagement de sa part.\u00a0<\/span><\/p>\t\t\t\t\t<\/div>\n\t\t\t\t\t\t<\/div>\n\t\t\t\t<\/div>\n\t\t\t\t\t\t<\/div>\n\t\t\t\t\t<\/div>\n\t\t<\/div>\n\t\t\t\t\t\t\t\t<\/div>\n\t\t\t\t\t<\/div>\n\t\t<\/section>\n\t\t\t\t\t\t\t\t\t<\/div>\n\t\t\t<\/div>\n\t\t\t\t\t<\/div>\n\t\t","protected":false},"excerpt":{"rendered":"<p>PRINCIPES DE BASE \u00a0\u00bb Le coach qui fait confiance \u00e0 la capacit\u00e9 de discernement de l&rsquo;autre \u00e9vite de le rassurer [&hellip;]<\/p>\n","protected":false},"author":1,"featured_media":0,"parent":9,"menu_order":0,"comment_status":"closed","ping_status":"closed","template":"","meta":{"spay_email":""},"_links":{"self":[{"href":"http:\/\/generation-coach.com\/index.php\/wp-json\/wp\/v2\/pages\/16"}],"collection":[{"href":"http:\/\/generation-coach.com\/index.php\/wp-json\/wp\/v2\/pages"}],"about":[{"href":"http:\/\/generation-coach.com\/index.php\/wp-json\/wp\/v2\/types\/page"}],"author":[{"embeddable":true,"href":"http:\/\/generation-coach.com\/index.php\/wp-json\/wp\/v2\/users\/1"}],"replies":[{"embeddable":true,"href":"http:\/\/generation-coach.com\/index.php\/wp-json\/wp\/v2\/comments?post=16"}],"version-history":[{"count":31,"href":"http:\/\/generation-coach.com\/index.php\/wp-json\/wp\/v2\/pages\/16\/revisions"}],"predecessor-version":[{"id":2085,"href":"http:\/\/generation-coach.com\/index.php\/wp-json\/wp\/v2\/pages\/16\/revisions\/2085"}],"up":[{"embeddable":true,"href":"http:\/\/generation-coach.com\/index.php\/wp-json\/wp\/v2\/pages\/9"}],"wp:attachment":[{"href":"http:\/\/generation-coach.com\/index.php\/wp-json\/wp\/v2\/media?parent=16"}],"curies":[{"name":"wp","href":"https:\/\/api.w.org\/{rel}","templated":true}]}}