{"id":190,"date":"2019-09-30T21:34:08","date_gmt":"2019-09-30T19:34:08","guid":{"rendered":"http:\/\/www.generation-coach.com\/?page_id=190"},"modified":"2025-08-28T16:06:58","modified_gmt":"2025-08-28T14:06:58","slug":"supervision-et-dirigeants","status":"publish","type":"page","link":"http:\/\/generation-coach.com\/index.php\/faire-appel-a-un-coach-generation-coach\/supervision-en-entreprise\/supervision-et-dirigeants\/","title":{"rendered":"Supervision et Dirigeants"},"content":{"rendered":"\t\t<div data-elementor-type=\"wp-page\" data-elementor-id=\"190\" class=\"elementor elementor-190\">\n\t\t\t\t\t\t<div class=\"elementor-inner\">\n\t\t\t\t<div class=\"elementor-section-wrap\">\n\t\t\t\t\t\t\t\t\t<section class=\"elementor-section elementor-top-section elementor-element elementor-element-1bb1453 elementor-section-boxed elementor-section-height-default elementor-section-height-default\" data-id=\"1bb1453\" data-element_type=\"section\">\n\t\t\t\t\t\t<div class=\"elementor-container elementor-column-gap-default\">\n\t\t\t\t\t\t\t<div class=\"elementor-row\">\n\t\t\t\t\t<div class=\"elementor-column elementor-col-50 elementor-top-column elementor-element elementor-element-6d6fed4\" data-id=\"6d6fed4\" data-element_type=\"column\">\n\t\t\t<div class=\"elementor-column-wrap elementor-element-populated\">\n\t\t\t\t\t\t\t<div class=\"elementor-widget-wrap\">\n\t\t\t\t\t\t<div class=\"elementor-element elementor-element-19394c1 elementor-widget elementor-widget-text-editor\" data-id=\"19394c1\" data-element_type=\"widget\" data-widget_type=\"text-editor.default\">\n\t\t\t\t<div class=\"elementor-widget-container\">\n\t\t\t\t\t\t\t\t<div class=\"elementor-text-editor elementor-clearfix\">\n\t\t\t\t<p style=\"text-align: center;\"><span style=\"color: #000080;\"><strong>Diriger et accompagner en m\u00eame temps, <\/strong><\/span><span style=\"color: #000080;\"><strong>un leurre ou une n\u00e9cessit\u00e9\u00a0?<\/strong><\/span><\/p><div>\u00a0<\/div><p><span style=\"color: #000080;\">Diriger implique aujourd\u2019hui plus qu\u2019hier de <strong><em>ma\u00eetriser l\u2019art de faire faire<\/em><\/strong> et de <strong><em>d\u00e9velopper conjointement le talent de ses collaborateurs<\/em><\/strong>.\u00a0 \u00a0\u00a0\u00a0\u00a0<\/span><\/p><p><span style=\"color: #000080;\">D\u00e9velopper les talents c\u2019est conna\u00eetre leur existence derri\u00e8re les apparences, savoir les faire \u00e9merger sans heurt, et les d\u00e9velopper au-del\u00e0 des r\u00e9sistances\u2026., c\u2019est <strong> \u00eatre un manager \u00ab\u00a0coach\u00a0\u00bb.<\/strong>\u00a0\u00a0<\/span><\/p><p align=\"center\"><strong><a href=\"http:\/\/www.generation-coach.com\/index.php\/formations-et-evenements-associes\/\"><span style=\"color: #000080;\">Connaissez &amp; d\u00e9veloppez votre <\/span><\/a><\/strong><strong><a href=\"http:\/\/www.generation-coach.com\/index.php\/formations-et-evenements-associes\/\"><span style=\"color: #000080;\">dimension \u00ab\u00a0coach\u00a0\u00bb<\/span><\/a><\/strong><\/p><p align=\"center\">\u00a0<\/p>\t\t\t\t\t<\/div>\n\t\t\t\t\t\t<\/div>\n\t\t\t\t<\/div>\n\t\t\t\t\t\t<\/div>\n\t\t\t\t\t<\/div>\n\t\t<\/div>\n\t\t\t\t<div class=\"elementor-column elementor-col-50 elementor-top-column elementor-element elementor-element-e65d0ec\" data-id=\"e65d0ec\" data-element_type=\"column\">\n\t\t\t<div class=\"elementor-column-wrap elementor-element-populated\">\n\t\t\t\t\t\t\t<div class=\"elementor-widget-wrap\">\n\t\t\t\t\t\t<div class=\"elementor-element elementor-element-9a2ee66 elementor-widget elementor-widget-text-editor\" data-id=\"9a2ee66\" data-element_type=\"widget\" data-widget_type=\"text-editor.default\">\n\t\t\t\t<div class=\"elementor-widget-container\">\n\t\t\t\t\t\t\t\t<div class=\"elementor-text-editor elementor-clearfix\">\n\t\t\t\t<h3 style=\"text-align: center;\" align=\"justify\"><strong><span style=\"color: #000080;\">Sous pression, <span style=\"color: #800000;\">gardez intact votre recul, <span style=\"color: #000080;\">quelque soit la<\/span><\/span> situation et la d\u00e9cision \u00e0 prendre <span style=\"font-size: 16px;\">\u00a0:<\/span><\/span><\/strong><\/h3><ul><li style=\"list-style-type: none;\"><ul><li><strong><span style=\"color: #000080;\">prendre de nouvelles fonctions, un nouveau poste<\/span><\/strong><\/li><li><span style=\"color: #000080;\"><strong>recruter un nouveau collaborateur, un nouvel associ\u00e9<\/strong><\/span><\/li><li><strong><span style=\"color: #000080;\">faciliter l&rsquo;\u00e9mergence de nouvelles comp\u00e9tences<\/span><\/strong><\/li><li><strong><span style=\"color: #000080;\">d\u00e9l\u00e9guer<\/span><\/strong><\/li><li><strong><span style=\"color: #000080;\">responsabiliser face \u00e0 l&rsquo;absent\u00e9\u00efsme, aux erreurs, aux r\u00e9clamations&#8230;.<\/span><\/strong><\/li><li><strong><span style=\"color: #000080;\">licencier\u00a0\u00a0<\/span><\/strong><\/li><li><strong><span style=\"color: #000080;\">faire l&rsquo;acquisition d&rsquo;une entreprise<\/span><\/strong><\/li><li><strong><span style=\"color: #000080;\">partir \u00e0 la retraite<\/span><\/strong><\/li><li><strong><span style=\"color: #000080;\">c\u00e9der ou transmettre votre entreprise\u00a0<\/span><\/strong><\/li><li>&#8230;&#8230;&#8230;<\/li><\/ul><\/li><\/ul><p style=\"text-align: center;\" align=\"justify\"><strong><span style=\"color: #000080;\">Nous vous \u00e9coutons,<\/span><\/strong><\/p><p style=\"text-align: center;\" align=\"justify\"><strong><span style=\"color: #000080;\">nous venons vous voir,<\/span><\/strong><\/p><p style=\"text-align: center;\" align=\"justify\"><strong><span style=\"color: #000080;\">nous vous renvoyons un feed-back en miroir<\/span><\/strong><\/p><p style=\"text-align: center;\" align=\"justify\"><strong><span style=\"color: #000080;\">vous vous voyez et entendez \u00e0 360\u00b0\u00a0<\/span><\/strong><\/p><p style=\"text-align: center;\" align=\"justify\"><strong><span style=\"color: #000080;\">vous gagnez en temps et en s\u00e9r\u00e9nit\u00e9\u00a0 !<\/span><\/strong><\/p><p style=\"text-align: center;\" align=\"justify\"><span style=\"color: #008000;\"><a style=\"color: #008000;\" href=\"http:\/\/www.generation-coach.com\/index.php\/faire-appel-a-un-coach-generation-coach\/coaching-en-entreprise\/modalites-pratiques\/\"><strong>Modalit\u00e9s pratiques<\/strong><\/a><\/span><\/p><h2 style=\"text-align: center;\">Entreprises qui nous ont fait confiance<\/h2><ul><li><span style=\"color: #000080;\"><strong><span style=\"color: #800000;\">MISSIONS de coaching de dirigeants : \u00ab\u00a0Plurielles\u00a0\u00bb et \u00ab\u00a0G\u00e9n\u00e9rice\u00a0\u00bb <\/span><\/strong><strong>confi\u00e9s\u00a0 par FORMAPAP \/ OPCA3+ <\/strong>dans le cadre d&rsquo;un appel d&rsquo;offres que nous avons remport\u00e9<strong> :\u00a0<\/strong><\/span><\/li><\/ul><p style=\"padding-left: 80px;\" align=\"justify\"><span style=\"color: #000080;\"><strong>ACE &#8211; AVERYDENNISON, CAREO &#8211; ELVICART &#8211; FFCArtonnage, GEORGIAPACIFIC &#8211; LCPPackaging &#8211; NORSKE SKOG &#8211; PIERREFOUCHER &#8211; STICIMAGE &#8211; ARJOWIGGINS &#8211; GUYENNE &#8211; SOPRANO &#8211; 6D Solutions &#8211; BEILLARD-TUBES &#8211; ETIQROLL &#8211; PONTHIERRY &#8211; SMURFITTKAPPA &#8211; UPMKEMMENE&#8230;&#8230;&#8230;&#8230;&#8230;.<\/strong><\/span><\/p>\t\t\t\t\t<\/div>\n\t\t\t\t\t\t<\/div>\n\t\t\t\t<\/div>\n\t\t\t\t\t\t<\/div>\n\t\t\t\t\t<\/div>\n\t\t<\/div>\n\t\t\t\t\t\t\t\t<\/div>\n\t\t\t\t\t<\/div>\n\t\t<\/section>\n\t\t\t\t\t\t\t\t\t<\/div>\n\t\t\t<\/div>\n\t\t\t\t\t<\/div>\n\t\t","protected":false},"excerpt":{"rendered":"<p>Diriger et accompagner en m\u00eame temps, un leurre ou une n\u00e9cessit\u00e9\u00a0? \u00a0 Diriger implique aujourd\u2019hui plus qu\u2019hier de ma\u00eetriser l\u2019art [&hellip;]<\/p>\n","protected":false},"author":1,"featured_media":0,"parent":39,"menu_order":0,"comment_status":"closed","ping_status":"closed","template":"","meta":{"spay_email":""},"_links":{"self":[{"href":"http:\/\/generation-coach.com\/index.php\/wp-json\/wp\/v2\/pages\/190"}],"collection":[{"href":"http:\/\/generation-coach.com\/index.php\/wp-json\/wp\/v2\/pages"}],"about":[{"href":"http:\/\/generation-coach.com\/index.php\/wp-json\/wp\/v2\/types\/page"}],"author":[{"embeddable":true,"href":"http:\/\/generation-coach.com\/index.php\/wp-json\/wp\/v2\/users\/1"}],"replies":[{"embeddable":true,"href":"http:\/\/generation-coach.com\/index.php\/wp-json\/wp\/v2\/comments?post=190"}],"version-history":[{"count":82,"href":"http:\/\/generation-coach.com\/index.php\/wp-json\/wp\/v2\/pages\/190\/revisions"}],"predecessor-version":[{"id":3397,"href":"http:\/\/generation-coach.com\/index.php\/wp-json\/wp\/v2\/pages\/190\/revisions\/3397"}],"up":[{"embeddable":true,"href":"http:\/\/generation-coach.com\/index.php\/wp-json\/wp\/v2\/pages\/39"}],"wp:attachment":[{"href":"http:\/\/generation-coach.com\/index.php\/wp-json\/wp\/v2\/media?parent=190"}],"curies":[{"name":"wp","href":"https:\/\/api.w.org\/{rel}","templated":true}]}}