{"id":200,"date":"2019-09-30T21:40:26","date_gmt":"2019-09-30T19:40:26","guid":{"rendered":"http:\/\/www.generation-coach.com\/?page_id=200"},"modified":"2025-08-28T16:06:50","modified_gmt":"2025-08-28T14:06:50","slug":"modalites-pratiques","status":"publish","type":"page","link":"http:\/\/generation-coach.com\/index.php\/faire-appel-a-un-coach-generation-coach\/supervision-en-entreprise\/modalites-pratiques\/","title":{"rendered":"Modalit\u00e9s Pratiques"},"content":{"rendered":"\t\t<div data-elementor-type=\"wp-page\" data-elementor-id=\"200\" class=\"elementor elementor-200\">\n\t\t\t\t\t\t<div class=\"elementor-inner\">\n\t\t\t\t<div class=\"elementor-section-wrap\">\n\t\t\t\t\t\t\t\t\t<section class=\"elementor-section elementor-top-section elementor-element elementor-element-2550911 elementor-section-boxed elementor-section-height-default elementor-section-height-default\" data-id=\"2550911\" data-element_type=\"section\">\n\t\t\t\t\t\t<div class=\"elementor-container elementor-column-gap-default\">\n\t\t\t\t\t\t\t<div class=\"elementor-row\">\n\t\t\t\t\t<div class=\"elementor-column elementor-col-100 elementor-top-column elementor-element elementor-element-65533b7\" data-id=\"65533b7\" data-element_type=\"column\">\n\t\t\t<div class=\"elementor-column-wrap elementor-element-populated\">\n\t\t\t\t\t\t\t<div class=\"elementor-widget-wrap\">\n\t\t\t\t\t\t<div class=\"elementor-element elementor-element-573980b elementor-widget elementor-widget-text-editor\" data-id=\"573980b\" data-element_type=\"widget\" data-widget_type=\"text-editor.default\">\n\t\t\t\t<div class=\"elementor-widget-container\">\n\t\t\t\t\t\t\t\t<div class=\"elementor-text-editor elementor-clearfix\">\n\t\t\t\t<h3 style=\"text-align: center;\" align=\"left\"><span style=\"color: #000080;\"><strong>Nous nous rendons disponible pour vous<\/strong><\/span><\/h3><ul><li><strong><span style=\"color: #000080;\">Nous convenons avec vous d&rsquo;une date pour un <span style=\"color: #800000;\">1er entretien<\/span><\/span><\/strong><\/li><li><strong><span style=\"color: #000080;\">Nous vous <span style=\"color: #800000;\">\u00e9coutons<\/span><\/span><\/strong><\/li><li><strong><span style=\"color: #000080;\">Chacune de nos interventions d&rsquo;accompagnement tient compte de vos sp\u00e9cificit\u00e9s et fait donc l&rsquo;objet d&rsquo;une <span style=\"color: #800000;\">proposition personnalis\u00e9e<\/span> qui vous est adress\u00e9e apr\u00e8s ce 1er entretien<\/span><\/strong><\/li><li><span style=\"color: #000080;\"><strong>Nous nous <span style=\"color: #800000;\">engageons <span style=\"color: #000080;\">contractuellement<\/span><\/span><\/strong> <span style=\"color: #800000;\"><span style=\"color: #000080;\"><strong>suite \u00e0 l&rsquo;acceptation de notre proposition <\/strong><\/span><\/span><em><span style=\"color: #800000;\"><span style=\"color: #000080;\">(<\/span><\/span>contrat de prestation)<\/em> <\/span><\/li><li><strong><span style=\"color: #000080;\">La <span style=\"color: #800000;\">mise en oeuvre<\/span> de l&rsquo;accompagnement fait suite \u00e0 la signature du <span style=\"color: #800000;\">contrat de coaching<\/span><\/span><\/strong><strong><span style=\"color: #000080;\"><br \/><\/span><\/strong><\/li><\/ul><h3 style=\"text-align: center;\"><span style=\"color: #800000;\"><strong>\u00a0<\/strong><\/span><\/h3><h3 style=\"text-align: center;\"><span style=\"color: #800000;\"><strong>Lieux possibles des prestations<\/strong><\/span><strong style=\"color: #000080; font-size: 16px;\"><br \/><\/strong><\/h3><ul><li><span style=\"color: #000080;\">au centre G\u00e9n\u00e9ration-Coach :\u00a0 81 Boulevard Pierre 1er \u00e0 Bordeaux\u00a0<\/span><\/li><li><span style=\"color: #000080;\">et\/ou \u00e0 Arcachon : 156 Boulevard de la C\u00f4te d&rsquo;Argent &#8211; Domaine de la Dune\u00a0 \u00a0<\/span> \u00a0<\/li><li><span style=\"color: #000080;\">et\/ou en entreprise en fonction des disponibilit\u00e9s et de l&rsquo;ad\u00e9quation du contexte avec l&rsquo;objectif<\/span> <span style=\"color: #000080;\">poursuivi<\/span><\/li><li><span style=\"color: #000080;\">au t\u00e9l\u00e9phone <br \/><\/span><\/li><li><span style=\"color: #000080;\">et\/ou sur Zoom <em>(plateforme internet)<\/em><\/span><span style=\"color: #000080;\"> \u00a0 <\/span><span style=\"color: #000080;\">\u00a0 \u00a0 \u00a0 \u00a0 \u00a0 \u00a0 \u00a0 \u00a0 \u00a0<strong> <br \/><\/strong><\/span><\/li><\/ul><h3 style=\"text-align: center;\"><strong><span style=\"color: #800000;\">Structure de base d&rsquo;un coaching<\/span><\/strong><\/h3>\t\t\t\t\t<\/div>\n\t\t\t\t\t\t<\/div>\n\t\t\t\t<\/div>\n\t\t\t\t<section class=\"elementor-section elementor-inner-section elementor-element elementor-element-e3283a9 elementor-section-boxed elementor-section-height-default elementor-section-height-default\" data-id=\"e3283a9\" data-element_type=\"section\">\n\t\t\t\t\t\t<div class=\"elementor-container elementor-column-gap-default\">\n\t\t\t\t\t\t\t<div class=\"elementor-row\">\n\t\t\t\t\t<div class=\"elementor-column elementor-col-50 elementor-inner-column elementor-element elementor-element-fd761a5\" data-id=\"fd761a5\" data-element_type=\"column\">\n\t\t\t<div class=\"elementor-column-wrap elementor-element-populated\">\n\t\t\t\t\t\t\t<div class=\"elementor-widget-wrap\">\n\t\t\t\t\t\t<div class=\"elementor-element elementor-element-d3a278a elementor-widget elementor-widget-text-editor\" data-id=\"d3a278a\" data-element_type=\"widget\" data-widget_type=\"text-editor.default\">\n\t\t\t\t<div class=\"elementor-widget-container\">\n\t\t\t\t\t\t\t\t<div class=\"elementor-text-editor elementor-clearfix\">\n\t\t\t\t<h3 style=\"text-align: center;\"><span style=\"color: #800000;\"><strong>Coaching Individuel\u00a0 <\/strong><\/span><\/h3><p style=\"text-align: center;\"><em><span style=\"color: #800000;\">(Equipe 2 personnes : coach\/coach\u00e9)<\/span><\/em><\/p><p><span style=\"color: #000080;\">&#8211;<strong> R\u00e9union tri-partite<\/strong> de d\u00e9but de prestation : coach \/ coach\u00e9 \/ hi\u00e9rarchique<\/span><\/p><p><span style=\"color: #000080;\">&#8211;<strong>S\u00e9ances de coaching<\/strong><\/span><\/p><ul><li><span style=\"color: #000080;\">1\u00e8re s\u00e9ance de <strong>d\u00e9finition des objectifs individuels confidentiels<\/strong><\/span><\/li><li><span style=\"color: #000080;\">s\u00e9ances de <strong>suivi de la r\u00e9alisation<\/strong> des objectifs<\/span><\/li><li><span style=\"color: #000080;\">s\u00e9ance <strong>d&rsquo;\u00e9valuation<\/strong> de l&rsquo;atteinte des objectifs<br \/><\/span><\/li><\/ul><p><span style=\"color: #000080;\"><strong>-reporting<\/strong> des s\u00e9ances <em>(maintenant la confidentialit\u00e9)<\/em><\/span><\/p><p><span style=\"color: #000080;\">&#8211;<strong>r\u00e9union tri-partite<\/strong> de cl\u00f4ture de la\u00a0 prestation : coach \/ coach\u00e9 \/ hi\u00e9rarchique, <\/span><\/p><ul><li><span style=\"color: #000080;\">en fin de coaching <br \/><\/span><\/li><li><span style=\"color: #000080;\">\u00e0 distance\u00a0 <br \/><\/span><\/li><\/ul><div><span style=\"color: #000080;\">\u00a0<\/span><\/div><div><span style=\"color: #000080;\">\u00a0<\/span><\/div><div><span style=\"color: #000080;\">\u00a0<\/span><\/div>\t\t\t\t\t<\/div>\n\t\t\t\t\t\t<\/div>\n\t\t\t\t<\/div>\n\t\t\t\t\t\t<\/div>\n\t\t\t\t\t<\/div>\n\t\t<\/div>\n\t\t\t\t<div class=\"elementor-column elementor-col-50 elementor-inner-column elementor-element elementor-element-6052d53\" data-id=\"6052d53\" data-element_type=\"column\">\n\t\t\t<div class=\"elementor-column-wrap elementor-element-populated\">\n\t\t\t\t\t\t\t<div class=\"elementor-widget-wrap\">\n\t\t\t\t\t\t<div class=\"elementor-element elementor-element-639b61d elementor-widget elementor-widget-text-editor\" data-id=\"639b61d\" data-element_type=\"widget\" data-widget_type=\"text-editor.default\">\n\t\t\t\t<div class=\"elementor-widget-container\">\n\t\t\t\t\t\t\t\t<div class=\"elementor-text-editor elementor-clearfix\">\n\t\t\t\t<h3 style=\"text-align: center;\"><strong><span style=\"color: #800000;\">Coaching d&rsquo;Equipe<\/span><\/strong><\/h3><p style=\"text-align: center;\"><span style=\"color: #800000;\">(Equipe &gt; 2 personnes)<\/span><\/p><div>\u00a0<\/div><p><span style=\"color: #000080;\">&#8211;<strong> R\u00e9union bi-partite<\/strong> de d\u00e9but de prestation : coach \/ manager<\/span><\/p><p><span style=\"color: #000080;\">&#8211;<strong>S\u00e9ances de coaching<\/strong><\/span><\/p><ul><li><span style=\"color: #000080;\">s\u00e9ance(s) de <strong>d\u00e9finition des objectifs d&rsquo;Equipe<\/strong><\/span><\/li><li><span style=\"color: #000080;\">s\u00e9ance(s) de <strong>d\u00e9finition des objectifs individuels<\/strong><\/span><ul><li><span style=\"color: #000080;\">avec l&rsquo;\u00e9quipe<\/span><\/li><li><span style=\"color: #000080;\">+\/- en individuels <em>(confidentiels)<\/em><\/span><\/li><\/ul><\/li><li><span style=\"color: #000080;\">s\u00e9ances de suivi de la <strong>r\u00e9alisation des objectifs<\/strong> d&rsquo;Equipe &amp; individuels<br \/><\/span><\/li><li><span style=\"color: #000080;\">s\u00e9ance <strong>d&rsquo;\u00e9valuation<\/strong> de l&rsquo;atteinte des objectifs<br \/><\/span><\/li><\/ul><p><span style=\"color: #000080;\">&#8211;<strong>r\u00e9union bi-partite<\/strong> de cl\u00f4ture de la prestation : coach \/ manager<\/span><\/p><ul><li><span style=\"color: #000080;\">en fin de coaching<\/span><\/li><li><span style=\"color: #000080;\">\u00e0 distance<\/span><\/li><\/ul>\t\t\t\t\t<\/div>\n\t\t\t\t\t\t<\/div>\n\t\t\t\t<\/div>\n\t\t\t\t\t\t<\/div>\n\t\t\t\t\t<\/div>\n\t\t<\/div>\n\t\t\t\t\t\t\t\t<\/div>\n\t\t\t\t\t<\/div>\n\t\t<\/section>\n\t\t\t\t<div class=\"elementor-element elementor-element-c28b233 elementor-widget elementor-widget-text-editor\" data-id=\"c28b233\" data-element_type=\"widget\" data-widget_type=\"text-editor.default\">\n\t\t\t\t<div class=\"elementor-widget-container\">\n\t\t\t\t\t\t\t\t<div class=\"elementor-text-editor elementor-clearfix\">\n\t\t\t\t<h3 style=\"text-align: center;\" align=\"left\"><span style=\"color: #000080;\"><strong>\u00a0Tarifs indicatifs\u00a0 \u00a0\u00a0\u00a0\u00a0\u00a0\u00a0\u00a0\u00a0 <\/strong><\/span><\/h3><p style=\"padding-left: 40px;\" align=\"left\"><span style=\"color: #000080;\"><strong>Coaching Dirigeant :\u00a0 entre <\/strong><strong>250\u20ac et 700\u20ac HT \/ h*\u00a0<\/strong><\/span><\/p><p style=\"padding-left: 40px;\"><span style=\"color: #000080;\"><strong> Coaching d\u2019\u00e9quipe : entre <\/strong><strong>1000 \u20ac et 2000 \u20acHT \/ jour \/ coach\u00a0<\/strong><\/span><\/p><ul><li style=\"list-style-type: none;\"><ul><li><span style=\"color: #000080;\">20 personnes maximum<\/span><\/li><li><span style=\"color: #000080;\">hors frais de restauration, d&rsquo;h\u00e9bergement et de d\u00e9placement<strong>\u00a0<\/strong><\/span><\/li><\/ul><\/li><\/ul><p style=\"padding-left: 40px;\" align=\"left\"><span style=\"color: #000080;\"><strong>Coaching Salari\u00e9 : <\/strong><strong>150\u20ac \u00e0 300\u20ac HT \/ h* <br \/><\/strong><\/span><\/p><p style=\"padding-left: 40px;\"><span style=\"color: #000080;\"><em>*hors frais\u00a0 de d\u00e9placement et de documentation<\/em><\/span><\/p><h3 style=\"text-align: center;\"><span style=\"color: #000080;\"><strong>\u00a0<\/strong><strong>&#8212;&#8211;<\/strong><\/span><\/h3><p align=\"center\"><a href=\"http:\/\/www.generation-coach.com\/index.php\/contact-2\/\"><strong><span style=\"color: #000080;\">Faites nous part de vos attentes<\/span><\/strong><\/a><\/p>\t\t\t\t\t<\/div>\n\t\t\t\t\t\t<\/div>\n\t\t\t\t<\/div>\n\t\t\t\t\t\t<\/div>\n\t\t\t\t\t<\/div>\n\t\t<\/div>\n\t\t\t\t\t\t\t\t<\/div>\n\t\t\t\t\t<\/div>\n\t\t<\/section>\n\t\t\t\t\t\t\t\t\t<\/div>\n\t\t\t<\/div>\n\t\t\t\t\t<\/div>\n\t\t","protected":false},"excerpt":{"rendered":"<p>Nous nous rendons disponible pour vous Nous convenons avec vous d&rsquo;une date pour un 1er entretien Nous vous \u00e9coutons Chacune [&hellip;]<\/p>\n","protected":false},"author":1,"featured_media":0,"parent":39,"menu_order":0,"comment_status":"closed","ping_status":"closed","template":"","meta":{"spay_email":""},"_links":{"self":[{"href":"http:\/\/generation-coach.com\/index.php\/wp-json\/wp\/v2\/pages\/200"}],"collection":[{"href":"http:\/\/generation-coach.com\/index.php\/wp-json\/wp\/v2\/pages"}],"about":[{"href":"http:\/\/generation-coach.com\/index.php\/wp-json\/wp\/v2\/types\/page"}],"author":[{"embeddable":true,"href":"http:\/\/generation-coach.com\/index.php\/wp-json\/wp\/v2\/users\/1"}],"replies":[{"embeddable":true,"href":"http:\/\/generation-coach.com\/index.php\/wp-json\/wp\/v2\/comments?post=200"}],"version-history":[{"count":43,"href":"http:\/\/generation-coach.com\/index.php\/wp-json\/wp\/v2\/pages\/200\/revisions"}],"predecessor-version":[{"id":2459,"href":"http:\/\/generation-coach.com\/index.php\/wp-json\/wp\/v2\/pages\/200\/revisions\/2459"}],"up":[{"embeddable":true,"href":"http:\/\/generation-coach.com\/index.php\/wp-json\/wp\/v2\/pages\/39"}],"wp:attachment":[{"href":"http:\/\/generation-coach.com\/index.php\/wp-json\/wp\/v2\/media?parent=200"}],"curies":[{"name":"wp","href":"https:\/\/api.w.org\/{rel}","templated":true}]}}