{"id":2410,"date":"2019-12-12T15:14:28","date_gmt":"2019-12-12T14:14:28","guid":{"rendered":"http:\/\/www.generation-coach.com\/?page_id=2410"},"modified":"2025-06-05T16:54:53","modified_gmt":"2025-06-05T14:54:53","slug":"elementor-2410","status":"publish","type":"page","link":"http:\/\/generation-coach.com\/index.php\/elementor-2410\/","title":{"rendered":"Fondatrice"},"content":{"rendered":"\t\t<div data-elementor-type=\"wp-page\" data-elementor-id=\"2410\" class=\"elementor elementor-2410\">\n\t\t\t\t\t\t<div class=\"elementor-inner\">\n\t\t\t\t<div class=\"elementor-section-wrap\">\n\t\t\t\t\t\t\t\t\t<section class=\"elementor-section elementor-top-section elementor-element elementor-element-cda28fb elementor-section-boxed elementor-section-height-default elementor-section-height-default\" data-id=\"cda28fb\" data-element_type=\"section\">\n\t\t\t\t\t\t<div class=\"elementor-container elementor-column-gap-default\">\n\t\t\t\t\t\t\t<div class=\"elementor-row\">\n\t\t\t\t\t<div class=\"elementor-column elementor-col-50 elementor-top-column elementor-element elementor-element-aef5081\" data-id=\"aef5081\" data-element_type=\"column\">\n\t\t\t<div class=\"elementor-column-wrap elementor-element-populated\">\n\t\t\t\t\t\t\t<div class=\"elementor-widget-wrap\">\n\t\t\t\t\t\t<div class=\"elementor-element elementor-element-76860a0 elementor-widget elementor-widget-text-editor\" data-id=\"76860a0\" data-element_type=\"widget\" data-widget_type=\"text-editor.default\">\n\t\t\t\t<div class=\"elementor-widget-container\">\n\t\t\t\t\t\t\t\t<div class=\"elementor-text-editor elementor-clearfix\">\n\t\t\t\t<div style=\"text-align: center;\" align=\"justify\"><span style=\"color: #000080;\"><strong>Christiane JEAN-JOSEPH-DIEGO<\/strong><\/span><\/div><div style=\"text-align: center;\" align=\"justify\"><h3 style=\"text-align: center;\" align=\"justify\"><span style=\"color: #000080;\">&#8212;&#8212;&#8212;<\/span><\/h3><\/div><div align=\"justify\"><span style=\"color: #000080;\">La vie m&rsquo;a r\u00e9v\u00e9l\u00e9 le coach que j&rsquo;ignorais \u00eatre et m&rsquo;apprend chaque jour \u00e0 l&rsquo;\u00e9panouir.<\/span><\/div><div align=\"justify\"><span style=\"color: #000080;\">La remercier en consacrant la mienne \u00e0 <strong><em>accompagner les autres \u00e0 d\u00e9couvrir le coach qu&rsquo;ils sont sans le voir, <\/em><\/strong>a \u00e9t\u00e9 une \u00e9vidence.<\/span><\/div><div align=\"justify\">\u00a0<\/div><div class=\"interlignage2\" style=\"text-align: center;\" align=\"justify\"><span style=\"color: #000080;\">En \u00e9coutant mes envies, le nom <strong>GENERATION-COACH\u00ae<\/strong> a \u00e9merg\u00e9 en moi.<\/span><span style=\"color: #000080;\"> Il<\/span><span style=\"color: #000080;\"> repr\u00e9sente le projet d&rsquo;une activit\u00e9 professionnelle en <em><strong>coop\u00e9ration<\/strong><\/em> avec d&rsquo;autres, qui se r\u00e9alise en<\/span><span style=\"color: #000080;\">\u00a0:<\/span><\/div><div align=\"justify\">\u00a0<\/div><div class=\"interlignage2\" style=\"text-align: left;\" align=\"justify\"><strong style=\"color: #000080;\">&#8211; coachant : <\/strong><span style=\"color: #000080;\">facilitant l&rsquo;\u00e9mergence des comp\u00e9tences<\/span> \u00a0<\/div><div class=\"interlignage2\" style=\"text-align: left;\" align=\"justify\"><span style=\"color: #000080;\"><strong>&#8211; supervisant<\/strong> : facilitant<\/span> <span style=\"color: #000080;\">l&rsquo;\u00e9mergence<\/span> <span style=\"color: #000080;\"><em style=\"font-weight: bold;\">en conscience<\/em> des comp\u00e9tences\u00a0<i>\u00a0<\/i><\/span><\/div><div align=\"justify\">\u00a0<\/div><div class=\"interlignage2\" style=\"text-align: center;\" align=\"justify\"><span style=\"color: #000080;\">Nous exer\u00e7ons notre\u00a0 <\/span><span style=\"color: #000080;\"><em><strong>dimension \u00ab\u00a0coach\u00a0\u00bb<\/strong> <\/em>spontan\u00e9ment, intuitivement.<\/span><\/div><div class=\"interlignage2\" style=\"text-align: center;\" align=\"justify\"><span style=\"color: #000080;\">La connaitre, c&rsquo;est participer \u00e0 la cr\u00e9ation d&rsquo;une <strong>g\u00e9n\u00e9ration<\/strong> qui inspire <em>naturellement<\/em> le monde \u00e0 l<strong>&lsquo;Excellence.<\/strong><\/span><\/div><div align=\"justify\">\u00a0<\/div><div style=\"text-align: center;\" align=\"justify\"><span style=\"color: #000080;\">Ainsi se cr\u00e9\u00e9 chaque jour le <strong>R\u00e9seau G\u00e9n\u00e9ration-Coach <\/strong>depuis 2006.<\/span><\/div><div align=\"justify\"><h3 style=\"text-align: center;\" align=\"justify\"><span style=\"color: #000080;\">&#8212;&#8212;&#8212;<\/span><\/h3><\/div><h3 style=\"text-align: center;\" align=\"justify\"><span style=\"color: #800000;\"><strong>l&rsquo;objectif<\/strong><\/span><\/h3><p style=\"text-align: center;\" align=\"center\"><strong><em><span style=\"color: #000080;\">\u00ab\u00a0faciliter l&rsquo;\u00e9mergence des comp\u00e9tences et contribuer ainsi \u00e0 l&rsquo;\u00e9panouissement de tous\u00a0\u00bb<\/span><\/em><\/strong><\/p><h3 style=\"text-align: center;\" align=\"justify\"><span style=\"color: #000080;\">&#8212;&#8212;&#8212;<\/span><\/h3><p align=\"center\"><strong><span style=\"color: #800000;\">les exp\u00e9riences formatrices<\/span><\/strong><\/p><p style=\"text-align: center;\" align=\"center\"><strong><span style=\"color: #000080;\">2021<\/span><\/strong><\/p><p style=\"padding-left: 40px;\"><span style=\"color: #000080;\">\u2022 <strong>Coach et Formatrice<\/strong> &#8211; Consultante ind\u00e9pendante port\u00e9e par VALOR-Consultants<strong> <em>depuis 2006<\/em><\/strong><\/span><span style=\"color: #333333;\"><em>\u00a0 \u00a0\u00a0<\/em><\/span><\/p><p style=\"padding-left: 40px;\"><span style=\"color: #333333;\">\u2022 Formation au <strong>MBTI <\/strong><em>(Osiris-Conseil &#8211; Paris)<\/em><\/span><\/p><p style=\"padding-left: 40px;\"><span style=\"color: #333333;\">\u2022 Formation au <strong>Coaching<\/strong> <em>(Mediat-Coaching-Paris)\u00a0\u00a0\u00a0\u00a0<\/em><\/span><\/p><p style=\"padding-left: 40px;\">\u00a0<span style=\"color: #333333;\">\u2022 Formation \u00e0 la <strong>PNL <\/strong><em>(INFORPNL &#8211; niveau I et II)<\/em><\/span><\/p><p class=\"interlignage\" style=\"padding-left: 40px;\"><span style=\"color: #000080;\">\u2022 Directrice de la Division implants injectables &#8211; INAMED International<\/span><\/p><p class=\"interlignage\" style=\"padding-left: 40px;\"><span style=\"color: #000080;\">\u2022 Directrice M\u00e9dicale &amp; Marketing &#8211; COLLAGEN Corp &#8211; <\/span><span style=\"color: #000080;\">Directrice G\u00e9n\u00e9rale par Int\u00e9rim &#8211; COLLAGEN Corp<\/span><\/p><p style=\"padding-left: 40px;\"><span style=\"color: #000080;\">\u2022 Chef de produit &#8211; Laboratoire Simone MAHLER &#8211; <\/span><span style=\"color: #000080;\">Directrice du r\u00e9seau Franchises &#8211; Laboratoire Simone MAHLER<\/span><\/p><p style=\"padding-left: 40px;\"><span style=\"color: #000080;\">\u2022 M\u00e9decin r\u00e9gional &#8211; Laboratoire IPSEN<\/span><\/p><p style=\"padding-left: 40px;\"><span style=\"color: #000080;\">\u2022 Responsable m\u00e9dicale et commerciale &#8211; LAB-FUTUR et FUTUR QUOTIDIEN\u00a0<\/span><\/p><p style=\"padding-left: 40px;\"><span style=\"color: #333333;\">\u2022 <strong>DESS<\/strong> de 3\u00e8me cycle (<strong>IPIB et IAE<\/strong>) <\/span><\/p><p style=\"padding-left: 40px;\"><span style=\"color: #333333;\">\u2022 <strong>Doctorat de M\u00e9decine G\u00e9n\u00e9rale <\/strong><em>(Universit\u00e9 de Bordeaux II)<\/em><\/span><\/p><p style=\"text-align: center;\"><span style=\"color: #000080;\"><strong>1987<\/strong><\/span><\/p><h3 style=\"text-align: center;\" align=\"justify\"><span style=\"color: #000080;\">&#8212;&#8212;&#8212;<\/span><\/h3><h3 style=\"text-align: center;\" align=\"justify\"><span style=\"color: #800000;\"><strong>mes coordonn\u00e9es<\/strong><\/span><\/h3><ul><li><span style=\"color: #000080;\">T\u00e9l : <strong>06.77.78.72.07 &#8211; 05.57.52.20.49<\/strong><\/span><\/li><li style=\"text-align: left;\"><span style=\"color: #000080;\"><strong><em>Consultations<\/em>\u00a0<\/strong> : <\/span><ul><li style=\"text-align: left;\"><span style=\"color: #000080;\"><a style=\"color: #000080;\" href=\"http:\/\/www.generation-coach.com\/index.php\/faire-appel-a-un-coach-generation-coach\/le-reseau\/coaching\/plan-dacces-a-generation-coach\/\">81 Bvd Pierre 1er &#8211; 33000 BORDEAUX<\/a><\/span><\/li><li><span style=\"color: #000080;\">sur Zoom <em>(plateforme internet)<\/em><\/span><\/li><\/ul><\/li><li style=\"text-align: left;\"><span style=\"color: #000080;\"><em><strong>Administratif <\/strong>(courriers) <\/em>: 52 La Lisi\u00e8re du Golf &#8211; 33 260 LA TESTE DE BUCH<\/span><\/li><\/ul><p class=\"interlignage\">\u00a0<\/p>\t\t\t\t\t<\/div>\n\t\t\t\t\t\t<\/div>\n\t\t\t\t<\/div>\n\t\t\t\t\t\t<\/div>\n\t\t\t\t\t<\/div>\n\t\t<\/div>\n\t\t\t\t<div class=\"elementor-column elementor-col-50 elementor-top-column elementor-element elementor-element-bb9e104\" data-id=\"bb9e104\" data-element_type=\"column\">\n\t\t\t<div class=\"elementor-column-wrap elementor-element-populated\">\n\t\t\t\t\t\t\t<div class=\"elementor-widget-wrap\">\n\t\t\t\t\t\t<div class=\"elementor-element elementor-element-033b07c elementor-widget elementor-widget-text-editor\" data-id=\"033b07c\" data-element_type=\"widget\" data-widget_type=\"text-editor.default\">\n\t\t\t\t<div class=\"elementor-widget-container\">\n\t\t\t\t\t\t\t\t<div class=\"elementor-text-editor elementor-clearfix\">\n\t\t\t\t<h3 style=\"text-align: center;\"><span style=\"color: #800000;\"><strong><a style=\"color: #800000;\" href=\"http:\/\/www.generation-coach.com\/index.php\/coaching\/presentation-du-reseau-generation-coach\/\">Les partenaires<\/a><\/strong><\/span><\/h3><div align=\"justify\">\u00a0<\/div><ul><li><strong><span style=\"color: #000080;\">les coachs du r\u00e9seau G\u00e9n\u00e9ration-Coach<\/span><\/strong><\/li><li><strong><span style=\"color: #000080;\">les sites partenaires<\/span><\/strong><\/li><\/ul>\t\t\t\t\t<\/div>\n\t\t\t\t\t\t<\/div>\n\t\t\t\t<\/div>\n\t\t\t\t\t\t<\/div>\n\t\t\t\t\t<\/div>\n\t\t<\/div>\n\t\t\t\t\t\t\t\t<\/div>\n\t\t\t\t\t<\/div>\n\t\t<\/section>\n\t\t\t\t\t\t\t\t\t<\/div>\n\t\t\t<\/div>\n\t\t\t\t\t<\/div>\n\t\t","protected":false},"excerpt":{"rendered":"<p>Christiane JEAN-JOSEPH-DIEGO &#8212;&#8212;&#8212; La vie m&rsquo;a r\u00e9v\u00e9l\u00e9 le coach que j&rsquo;ignorais \u00eatre et m&rsquo;apprend chaque jour \u00e0 l&rsquo;\u00e9panouir.La remercier en [&hellip;]<\/p>\n","protected":false},"author":1,"featured_media":0,"parent":0,"menu_order":0,"comment_status":"closed","ping_status":"closed","template":"","meta":{"spay_email":""},"_links":{"self":[{"href":"http:\/\/generation-coach.com\/index.php\/wp-json\/wp\/v2\/pages\/2410"}],"collection":[{"href":"http:\/\/generation-coach.com\/index.php\/wp-json\/wp\/v2\/pages"}],"about":[{"href":"http:\/\/generation-coach.com\/index.php\/wp-json\/wp\/v2\/types\/page"}],"author":[{"embeddable":true,"href":"http:\/\/generation-coach.com\/index.php\/wp-json\/wp\/v2\/users\/1"}],"replies":[{"embeddable":true,"href":"http:\/\/generation-coach.com\/index.php\/wp-json\/wp\/v2\/comments?post=2410"}],"version-history":[{"count":14,"href":"http:\/\/generation-coach.com\/index.php\/wp-json\/wp\/v2\/pages\/2410\/revisions"}],"predecessor-version":[{"id":3403,"href":"http:\/\/generation-coach.com\/index.php\/wp-json\/wp\/v2\/pages\/2410\/revisions\/3403"}],"wp:attachment":[{"href":"http:\/\/generation-coach.com\/index.php\/wp-json\/wp\/v2\/media?parent=2410"}],"curies":[{"name":"wp","href":"https:\/\/api.w.org\/{rel}","templated":true}]}}