{"id":2420,"date":"2019-12-17T15:42:24","date_gmt":"2019-12-17T14:42:24","guid":{"rendered":"http:\/\/www.generation-coach.com\/?page_id=2420"},"modified":"2025-08-28T16:05:06","modified_gmt":"2025-08-28T14:05:06","slug":"soyez-acteur-de-votre-developpement","status":"publish","type":"page","link":"http:\/\/generation-coach.com\/index.php\/connaitre-developper-ses-competences-coach\/soyez-acteur-de-votre-developpement\/","title":{"rendered":"Soyez acteur de votre d\u00e9veloppement"},"content":{"rendered":"\t\t<div data-elementor-type=\"wp-page\" data-elementor-id=\"2420\" class=\"elementor elementor-2420\">\n\t\t\t\t\t\t<div class=\"elementor-inner\">\n\t\t\t\t<div class=\"elementor-section-wrap\">\n\t\t\t\t\t\t\t\t\t<section class=\"elementor-section elementor-top-section elementor-element elementor-element-a5d97fa elementor-section-boxed elementor-section-height-default elementor-section-height-default\" data-id=\"a5d97fa\" data-element_type=\"section\">\n\t\t\t\t\t\t<div class=\"elementor-container elementor-column-gap-default\">\n\t\t\t\t\t\t\t<div class=\"elementor-row\">\n\t\t\t\t\t<div class=\"elementor-column elementor-col-50 elementor-top-column elementor-element elementor-element-f325482\" data-id=\"f325482\" data-element_type=\"column\">\n\t\t\t<div class=\"elementor-column-wrap elementor-element-populated\">\n\t\t\t\t\t\t\t<div class=\"elementor-widget-wrap\">\n\t\t\t\t\t\t<div class=\"elementor-element elementor-element-5f45b87 elementor-widget elementor-widget-text-editor\" data-id=\"5f45b87\" data-element_type=\"widget\" data-widget_type=\"text-editor.default\">\n\t\t\t\t<div class=\"elementor-widget-container\">\n\t\t\t\t\t\t\t\t<div class=\"elementor-text-editor elementor-clearfix\">\n\t\t\t\t<p style=\"text-align: center;\"><span style=\"color: #800000;\"><strong>En pratique\u00a0<\/strong><\/span><\/p><p style=\"text-align: center;\"><span style=\"color: #333333;\"><strong>\u00a0<\/strong><\/span><\/p><h3 style=\"text-align: center;\"><span style=\"color: #000080;\">Demandez \u00e0 recevoir <\/span><strong><span style=\"color: #000080;\">notre documentation<\/span>\u00a0<span style=\"color: #000080;\">par email :<\/span><\/strong><\/h3><p style=\"padding-left: 40px;\"><span style=\"color: #000080;\">Sont disponibles les documents suivants :\u00a0\u00a0<\/span><\/p><ul><li><span style=\"color: #333333;\"><strong>Brochures<\/strong><\/span><ul><li><em>\u00ab\u00a0le coaching individuel\u00a0\u00bb<\/em><\/li><li><em>\u00ab\u00a0le coaching d&rsquo;\u00e9quipe\u00a0\u00bb<\/em><\/li><li>\u00ab\u00a0<em>le maintien de la s\u00e9r\u00e9nit\u00e9 du mental par tous les temps !\u00a0\u00bb<\/em><\/li><\/ul><\/li><li><strong>Pr\u00e9sentations<\/strong><ul><li><em><span style=\"color: #333333;\">l<\/span><\/em><em>la pr\u00e9sentation g\u00e9n\u00e9rale des Ateliers R\u00e9solutions(+)<\/em><\/li><li><em>la pr\u00e9sentation g\u00e9n\u00e9rale des Ateliers Cr\u00e9-Actions(+)<\/em><\/li><\/ul><\/li><li><span style=\"color: #333333;\"><strong>Calendriers<\/strong><\/span><ul><li><em>des ateliers R\u00e9solutions(+)<\/em><\/li><li><em>des ateliers Cr\u00e9-Actions(+)<\/em><\/li><\/ul><\/li><\/ul><p style=\"text-align: center;\"><span style=\"color: #000080;\"><strong><a style=\"color: #000080;\" href=\"http:\/\/www.generation-coach.com\/index.php\/contact-2\/\">Nous contacter<\/a>\u00a0<\/strong><\/span><\/p><p style=\"padding-left: 40px;\"><span style=\"color: #333333;\"><strong>\u00a0<\/strong><\/span><\/p><h3 style=\"text-align: center;\"><span style=\"color: #000080;\">Consulter notre <a style=\"color: #000080;\" href=\"http:\/\/www.generation-coach.com\/index.php\/formations-et-evenements-associes\/mediatheque\/\">s\u00e9lection bibliographique<\/a><\/span><\/h3><div><span style=\"color: #000080;\">\u00a0<\/span><\/div><div style=\"padding-left: 40px;\"><span style=\"color: #000080;\">Nous partageons avec vous nos livres, vid\u00e9os, films&#8230;. de r\u00e9f\u00e9rence.<\/span><\/div><div style=\"padding-left: 40px;\"><span style=\"color: #000080;\">\u00a0<\/span><\/div><div style=\"padding-left: 40px;\"><span style=\"color: #000080;\">\u00a0<\/span><\/div><div style=\"padding-left: 40px;\"><span style=\"color: #000080;\">\u00a0<\/span><\/div><div style=\"padding-left: 40px;\"><span style=\"color: #000080;\">\u00a0<\/span><\/div><div style=\"padding-left: 40px;\"><span style=\"color: #000080;\">\u00a0<\/span><\/div><div style=\"padding-left: 40px;\"><span style=\"color: #000080;\">\u00a0<\/span><\/div><div style=\"padding-left: 40px;\"><span style=\"color: #000080;\">\u00a0<\/span><\/div><div style=\"padding-left: 40px;\"><span style=\"color: #000080;\">\u00a0<\/span><\/div><div style=\"padding-left: 40px;\"><span style=\"color: #000080;\">\u00a0<\/span><\/div><div style=\"padding-left: 40px;\"><span style=\"color: #000080;\">\u00a0<\/span><\/div><div style=\"padding-left: 40px;\"><span style=\"color: #000080;\">\u00a0<\/span><\/div><div style=\"padding-left: 40px;\"><span style=\"color: #000080;\">\u00a0<\/span><\/div><div style=\"padding-left: 40px;\"><span style=\"color: #000080;\">\u00a0<\/span><\/div><div style=\"padding-left: 40px;\"><span style=\"color: #000080;\">\u00a0<\/span><\/div><div style=\"padding-left: 40px;\"><span style=\"color: #000080;\">\u00a0<\/span><\/div><div style=\"padding-left: 40px;\"><span style=\"color: #000080;\">\u00a0<\/span><\/div><div style=\"padding-left: 40px;\"><span style=\"color: #000080;\">\u00a0<\/span><\/div><div style=\"padding-left: 40px;\"><span style=\"color: #000080;\">\u00a0<\/span><\/div><div style=\"padding-left: 40px;\"><span style=\"color: #000080;\">\u00a0<\/span><\/div><div style=\"padding-left: 40px;\"><span style=\"color: #000080;\">\u00a0<\/span><\/div><div>\u00a0<\/div><div>\u00a0<\/div><div>\u00a0<\/div><div>\u00a0<\/div><div>\u00a0<\/div><div>\u00a0<\/div><div>\u00a0<\/div><div>\u00a0<\/div><div>\u00a0<\/div><div>\u00a0<\/div><div>\u00a0<\/div><div>\u00a0<\/div><div>\u00a0<\/div><div>\u00a0<\/div><div>\u00a0<\/div><div>\u00a0<\/div><div>\u00a0<\/div><div>\u00a0<\/div><div>\u00a0<\/div><div>\u00a0<\/div><div>\u00a0<\/div><div>\u00a0<\/div><div>\u00a0<\/div><div>\u00a0<\/div><div>\u00a0<\/div><div>\u00a0<\/div><div>\u00a0<\/div><div>\u00a0<\/div><div>\u00a0<\/div><div>\u00a0<\/div><div>\u00a0<\/div><div>\u00a0<\/div><div>\u00a0<\/div><div>\u00a0<\/div><div>\u00a0<\/div><div>\u00a0<\/div><div>\u00a0<\/div><div>\u00a0<\/div><div>\u00a0<\/div><p><span style=\"color: #333333;\"><strong>\u00a0<\/strong><\/span><\/p><p><span style=\"color: #333333;\"><strong>\u00a0<\/strong><\/span><\/p><p><span style=\"color: #333333;\"><strong>\u00a0<\/strong><\/span><\/p><p><span style=\"color: #333333;\"><strong>\u00a0<\/strong><\/span><\/p><p><span style=\"color: #333333;\"><strong>\u00a0<\/strong><\/span><\/p><p><span style=\"color: #333333;\"><strong>\u00a0<\/strong><\/span><\/p><p><span style=\"color: #333333;\"><strong>\u00a0<\/strong><\/span><\/p><p><span style=\"color: #333333;\"><strong>\u00a0 \u00a0 \u00a0 \u00a0 \u00a0 \u00a0\u00a0<\/strong><\/span><\/p><p><span style=\"color: #333333;\"><strong>\u00a0<\/strong><\/span><\/p><p><span style=\"color: #333333;\"><strong>\u00a0<\/strong><\/span><\/p><p><span style=\"color: #333333;\"><strong>\u00a0<\/strong><\/span><\/p><p><span style=\"color: #333333;\"><strong>\u00a0<\/strong><\/span><\/p><p><span style=\"color: #333333;\"><strong>\u00a0<\/strong><\/span><\/p><p><span style=\"color: #333333;\"><strong>\u00a0<\/strong><\/span><\/p><p><span style=\"color: #333333;\"><strong>\u00a0<\/strong><\/span><\/p><p><span style=\"color: #333333;\"><strong>\u00a0<\/strong><\/span><\/p><p><span style=\"color: #333333;\"><strong>\u00a0<\/strong><\/span><\/p><p><span style=\"color: #333333;\"><strong>\u00a0<\/strong><\/span><\/p><p><span style=\"color: #333333;\"><strong>\u00a0<\/strong><\/span><\/p><p><span style=\"color: #333333;\"><strong>\u00a0<\/strong><\/span><\/p><p><span style=\"color: #333333;\"><strong>\u00a0<\/strong><\/span><\/p><p><span style=\"color: #333333;\"><strong>\u00a0<\/strong><\/span><\/p><p><span style=\"color: #333333;\"><strong>\u00a0<\/strong><\/span><\/p><p><span style=\"color: #333333;\"><strong>\u00a0<\/strong><\/span><\/p><p><span style=\"color: #333333;\"><strong>\u00a0<\/strong><\/span><\/p><p><span style=\"color: #333333;\"><strong>\u00a0<\/strong><\/span><\/p><p><span style=\"color: #333333;\"><strong>\u00a0<\/strong><\/span><\/p><p><span style=\"color: #333333;\"><strong>\u00a0<\/strong><\/span><\/p><p><span style=\"color: #333333;\"><strong>\u00a0<\/strong><\/span><\/p><p><span style=\"color: #333333;\"><strong>\u00a0<\/strong><\/span><\/p><p><span style=\"color: #333333;\"><strong>\u00a0<\/strong><\/span><\/p><p><span style=\"color: #333333;\"><strong>\u00a0<\/strong><\/span><\/p><p><span style=\"color: #333333;\"><strong>\u00a0<\/strong><\/span><\/p>\t\t\t\t\t<\/div>\n\t\t\t\t\t\t<\/div>\n\t\t\t\t<\/div>\n\t\t\t\t\t\t<\/div>\n\t\t\t\t\t<\/div>\n\t\t<\/div>\n\t\t\t\t<div class=\"elementor-column elementor-col-50 elementor-top-column elementor-element elementor-element-82fda5c\" data-id=\"82fda5c\" data-element_type=\"column\">\n\t\t\t<div class=\"elementor-column-wrap elementor-element-populated\">\n\t\t\t\t\t\t\t<div class=\"elementor-widget-wrap\">\n\t\t\t\t\t\t<div class=\"elementor-element elementor-element-8b2c5b1 elementor-widget elementor-widget-text-editor\" data-id=\"8b2c5b1\" data-element_type=\"widget\" data-widget_type=\"text-editor.default\">\n\t\t\t\t<div class=\"elementor-widget-container\">\n\t\t\t\t\t\t\t\t<div class=\"elementor-text-editor elementor-clearfix\">\n\t\t\t\t<p style=\"text-align: center;\"><span style=\"color: #800000;\"><strong>en choisissant :<\/strong><\/span><span style=\"color: #800000;\"><strong>\u00a0\u00a0<\/strong><\/span><\/p><p style=\"text-align: center;\"><span style=\"color: #800000;\"><strong>\u00a0<\/strong><\/span><\/p><h3 style=\"text-align: center;\"><span style=\"color: #000080;\"><em><span style=\"color: #800000;\"><strong>1-\u00a0<a style=\"color: #800000;\" href=\"http:\/\/www.generation-coach.com\/index.php\/faire-appel-a-un-coach-generation-coach\/coaching-de-particulier\/\">un COACHING INDIVIDUEL<\/a><\/strong><\/span><\/em><\/span><\/h3><ul><li><span style=\"color: #000080;\"><strong><span style=\"color: #008000;\">\u00ab\u00a0Accompagnement \u00e0 la r\u00e9daction de votre dossier VAE\u00a0\u00bb<\/span>\u00a0 &#8211; <\/strong>optimiser ainsi l&rsquo;\u00e9criture de vos savoir-faire<\/span><\/li><\/ul><h3 style=\"text-align: center;\"><span style=\"color: #000080;\"><em><span style=\"color: #800000;\"><strong>2- une FORMATION INTER :<\/strong><\/span><\/em><\/span><\/h3><ul><li><h3><span style=\"color: #000080;\"><span style=\"color: #008000;\"><strong>Formation <i>\u00e0 la conscientisation<\/i><\/strong><\/span><em><br \/><\/em><\/span><\/h3><\/li><\/ul><div style=\"padding-left: 40px;\"><span style=\"color: #000080;\"><em>Cette formation vous r\u00e9v\u00e8le et acc\u00e9l\u00e8re le d\u00e9veloppement de vos comp\u00e9tences coach, <strong>d\u00e9couvrez-la.<\/strong><\/em><\/span><\/div><div>\u00a0<\/div><div><h3 style=\"padding-left: 40px; text-align: center;\"><em><strong style=\"color: #000080;\"><span style=\"color: #800000;\">3-une FORMATION INTRA :<\/span><\/strong><\/em><\/h3><p><strong style=\"color: #000080;\">Des formations con\u00e7ues comme un coaching de d\u00e9finition et de r\u00e9alisation d\u2019objectif<\/strong><\/p><\/div><ul><li><span style=\"color: #000080;\"><strong><span style=\"color: #008000;\">Revenir ici-maintenant \u00e0 l&rsquo;\u00e9quilibre<\/span>\u00a0<\/strong><em>&#8211; G\u00e9rer efficacement son stress<\/em><\/span><strong style=\"color: #000080;\">\u00a0 \u00a0 \u00a0 \u00a0 \u00a0 \u00a0 \u00a0 \u00a0<\/strong><\/li><\/ul><ul><li style=\"list-style-type: none;\"><ul><li><span style=\"color: #000080;\"><strong>prenez conscience :<\/strong><\/span><ul><li><span style=\"color: #000080;\"><strong>de votre stress<\/strong><\/span><\/li><li><strong><span style=\"color: #000080;\">de son origine\u00a0<\/span><\/strong><\/li><li><span style=\"color: #000080;\"><strong>de votre pouvoir d&rsquo;action sur lui<\/strong><\/span><\/li><li><span style=\"color: #000080;\"><strong>de la simplicit\u00e9 du retour \u00e0 l&rsquo;\u00e9quilibre<\/strong><\/span><\/li><li>&#8230;&#8230;&#8230;..<\/li><\/ul><\/li><\/ul><\/li><\/ul><ul><li><div><span style=\"color: #000080;\"><strong><span style=\"color: #008000;\">D\u00e9samorcer les conflits<\/span>\u00a0&#8211;\u00a0<\/strong><em>G\u00e9rer sa relation \u00e0 soi\u00a0<\/em><\/span><\/div><\/li><\/ul><ul><li style=\"list-style-type: none;\"><ul><li><span style=\"color: #000080;\"><strong>prenez conscience :<\/strong><\/span><ul><li><strong><span style=\"color: #000080;\">de l&rsquo;origine du conflit<\/span><\/strong><\/li><li><span style=\"color: #000080;\"><strong>de votre pouvoir d&rsquo;action sur vous<\/strong><\/span><\/li><li><span style=\"color: #000080;\"><strong>de la simplicit\u00e9 du retour \u00e0 la paix<\/strong><\/span><\/li><li>&#8230;&#8230;&#8230;..<\/li><\/ul><\/li><\/ul><\/li><\/ul><ul><li><span style=\"color: #008000;\"><strong>Comprendre l&rsquo;illusion du temps <\/strong><\/span>&#8211;<span style=\"color: #000080;\"> G\u00e9rer ici-maintenant<\/span><ul><li><span style=\"color: #000080;\"><strong>prenez conscience :<\/strong><\/span><ul><li><span style=\"color: #000080;\"><strong>de l&rsquo;illusion originelle<\/strong><\/span><\/li><li><strong><span style=\"color: #000080;\">des ses cons\u00e9quences<\/span><\/strong><\/li><li><span style=\"color: #000080;\"><strong>de votre savoir faire inn\u00e9<\/strong><\/span><\/li><li>&#8230;&#8230;&#8230;..<\/li><\/ul><\/li><\/ul><\/li><\/ul><p style=\"padding-left: 40px;\"><span style=\"color: #000080;\">Si vous exercer au sein d&rsquo;une entreprise, ces formations concernent votre service RH.<\/span><\/p><p style=\"padding-left: 40px;\"><span style=\"color: #000080;\">Elles sont destin\u00e9es \u00e0 des groupes et sont adaptables en fonction des disponibilit\u00e9s.<\/span><\/p><p style=\"padding-left: 40px;\"><span style=\"color: #000080;\">Nous \u00e9tablissons une proposition sur-mesure apr\u00e8s entretien et sur demande du service RH.<\/span><\/p><div><h3 style=\"text-align: center;\"><span style=\"color: #000080;\"><em><span style=\"color: #800000;\"><strong>4-\u00a0<a style=\"color: #800000;\" href=\"http:\/\/www.generation-coach.com\/index.php\/connaitre-developper-ses-competences-coach\/les-journees-supervision\/\">une SUPERVISION<\/a><\/strong><\/span><\/em><\/span><\/h3><\/div><div><ul><li><h3><span style=\"color: #008000;\">en individuel \u00a0<\/span><\/h3><\/li><\/ul><p style=\"padding-left: 40px;\"><span style=\"color: #000080;\">Cet accompagnement individuel facilite :<\/span><\/p><ul><li style=\"list-style-type: none;\"><ul><li><span style=\"color: #000080;\">la poursuite du\u00a0<strong>perfectionnement de vos comp\u00e9tences<em>\u00a0\u00ab\u00a0coach\u00a0\u00bb<\/em><\/strong><\/span><\/li><li><span style=\"color: #000080;\">la\u00a0<strong>connaissance et le d\u00e9veloppement du\u00a0<\/strong><em><strong>superviseur\u00a0<\/strong><\/em>en vous.<\/span><\/li><\/ul><\/li><li><h3><span style=\"color: #000080;\"><span style=\"color: #008000;\"><strong>en groupe :\u00a0<a style=\"color: #008000;\" href=\"http:\/\/www.generation-coach.com\/index.php\/formations-et-evenements-associes\/les-journees-supervision\/\">Atelier\u00a0<em>Cr\u00e9-Actions (+)<\/em><\/a><\/strong><\/span><em><br \/><\/em><\/span><\/h3><\/li><\/ul><div style=\"padding-left: 40px;\"><span style=\"color: #000080;\"><em>Les ateliers Cr\u00e9-Actions (+) permettent une\u00a0<strong>supervision associ\u00e9e<\/strong>\u00a0\u00e0 la\u00a0<strong>poursuite de l&rsquo;\u00e9mergence et du perfectionnement de vos comp\u00e9tences<\/strong>\u00a0\u00ab\u00a0coach\u00a0\u00bb.<\/em><\/span><\/div><div>\u00a0<\/div><div style=\"padding-left: 40px;\"><span style=\"color: #000080;\">Notamment, vous :<\/span><\/div><div style=\"padding-left: 40px;\"><ul><li style=\"text-align: left;\"><span style=\"color: #000080;\">recevez du<strong><em>\u00a0feed-back<\/em><\/strong>\u00a0d&rsquo;autres coachs sur votre pratique<\/span><\/li><li style=\"text-align: left;\"><span style=\"color: #000080;\">donnez du feed-back \u00e0 d&rsquo;autres coachs\u00a0<em>(d\u00e9veloppez votre propre supervision)<\/em><\/span><\/li><li style=\"text-align: left;\"><span style=\"color: #000080;\">coachez d&rsquo;autres coachs sur demande<\/span><\/li><li style=\"text-align: left;\"><span style=\"color: #000080;\">\u00eates coach\u00e9(e) si vous le d\u00e9sirez<\/span><\/li><li style=\"text-align: left;\"><span style=\"color: #000080;\">&#8230;.<\/span><\/li><\/ul><\/div><div style=\"padding-left: 40px;\"><span style=\"color: #000080;\"><em>Ces ateliers sont r\u00e9serv\u00e9s aux professionnels de l&rsquo;accompagnement\u00a0 justifiant d&rsquo;une pratique du coaching<\/em><\/span><\/div><\/div><div><h3 style=\"text-align: center;\"><span style=\"color: #000080;\"><em><span style=\"color: #800000;\"><strong>5-\u00a0<a style=\"color: #800000;\" href=\"http:\/\/www.generation-coach.com\/index.php\/connaitre-developper-ses-competences-coach\/autres-domaines\/\">de connaitre un DOMAINE D&rsquo;ACTIVITE compl\u00e9mentaire<\/a><\/strong><\/span><\/em><\/span><\/h3><\/div><div><p style=\"padding-left: 40px;\"><span style=\"color: #000080;\"><strong><span style=\"color: #800000;\">Ecoutez votre senti\u00a0<\/span><\/strong>s&rsquo;il vous invite \u00e0 connaitre les domaines associ\u00e9s suivants,<\/span><\/p><ul><li style=\"list-style-type: none;\"><ul><li style=\"list-style-type: none;\"><ul><li><a href=\"http:\/\/www.generation-coach.com\/index.php\/formations-et-evenements-associes\/autres-domaines\/sophrologie\/\"><strong><span style=\"color: #000080;\">La Sophrologie<\/span><\/strong><\/a><\/li><li><strong><span style=\"color: #000080;\">La PNL\u00a0<\/span><\/strong><\/li><li><strong><span style=\"color: #000080;\">La Syst\u00e9mique<\/span><\/strong><\/li><li><strong><span style=\"color: #000080;\">L&rsquo;Osth\u00e9opathie<\/span><\/strong><\/li><li><strong><span style=\"color: #000080;\">L&rsquo;Energ\u00e9tique<\/span><\/strong><\/li><li><strong><span style=\"color: #000080;\">La Naturopathie<\/span><\/strong><\/li><li><strong><span style=\"color: #000080;\">La M\u00e9ditation<\/span><\/strong><\/li><li><span style=\"color: #000080;\">&#8230;&#8230;.\u00a0<\/span><\/li><\/ul><\/li><\/ul><\/li><\/ul><p style=\"padding-left: 40px;\"><span style=\"color: #000080;\">vous\u00a0<strong><span style=\"color: #800000;\">catalyserez<\/span><\/strong>\u00a0ainsi\u00a0<span style=\"color: #800000;\"><strong>l&rsquo;\u00e9mergence<\/strong><\/span>\u00a0de leurs concepts, outils ou process lors de vos coaching.<\/span><\/p><p style=\"text-align: center;\">&#8212;&#8212;&#8212;&#8211;<\/p><h3>\u00a0<\/h3><p style=\"padding-left: 40px;\"><span style=\"color: #000080;\">Le coaching fait \u00e9merger des concepts, des process et des outils, qui une fois retranscrits, d\u00e9voilent leur appartenance \u00e0 d&rsquo;autres domaines d&rsquo;activit\u00e9.<\/span><\/p><p style=\"padding-left: 40px;\"><span style=\"color: #000080;\">Le coaching met en oeuvre ces outils &amp; process, sans pour autant se confondre avec ce domaine d&rsquo;activit\u00e9, comme un chef d&rsquo;orchestre, dont la musique se d\u00e9couvrirait de la jouer.<\/span><\/p><p style=\"padding-left: 40px;\"><em><span style=\"color: #000080;\">Exemple : le coaching fait \u00e9merger des outils connus\u00a0 appartenant de la PNL (Programmation Neuro-Linguistique), sans pour autant \u00eatre uniquement de la PNL.<\/span><\/em><\/p><p style=\"padding-left: 40px;\"><span style=\"color: #000080;\">Connaitre ces domaines pr\u00e9alablement \u00e0 la r\u00e9alisation d&rsquo;un coaching, repr\u00e9sente une opportunit\u00e9 d&rsquo;<strong><em>acc\u00e9l\u00e9rer l&rsquo;\u00e9mergence<\/em><\/strong>\u00a0des concepts,\u00a0 outils &amp; process qui les composent.<\/span><\/p><p style=\"padding-left: 40px;\"><span style=\"color: #000080;\">Les ignorer n&#8217;emp\u00eache toutefois pas leur \u00e9mergence lors d&rsquo;un coaching.<\/span><\/p><\/div>\t\t\t\t\t<\/div>\n\t\t\t\t\t\t<\/div>\n\t\t\t\t<\/div>\n\t\t\t\t\t\t<\/div>\n\t\t\t\t\t<\/div>\n\t\t<\/div>\n\t\t\t\t\t\t\t\t<\/div>\n\t\t\t\t\t<\/div>\n\t\t<\/section>\n\t\t\t\t\t\t\t\t\t<\/div>\n\t\t\t<\/div>\n\t\t\t\t\t<\/div>\n\t\t","protected":false},"excerpt":{"rendered":"<p>En pratique\u00a0 \u00a0 Demandez \u00e0 recevoir notre documentation\u00a0par email : Sont disponibles les documents suivants :\u00a0\u00a0 Brochures \u00ab\u00a0le coaching individuel\u00a0\u00bb [&hellip;]<\/p>\n","protected":false},"author":1,"featured_media":0,"parent":41,"menu_order":0,"comment_status":"closed","ping_status":"closed","template":"","meta":{"spay_email":""},"_links":{"self":[{"href":"http:\/\/generation-coach.com\/index.php\/wp-json\/wp\/v2\/pages\/2420"}],"collection":[{"href":"http:\/\/generation-coach.com\/index.php\/wp-json\/wp\/v2\/pages"}],"about":[{"href":"http:\/\/generation-coach.com\/index.php\/wp-json\/wp\/v2\/types\/page"}],"author":[{"embeddable":true,"href":"http:\/\/generation-coach.com\/index.php\/wp-json\/wp\/v2\/users\/1"}],"replies":[{"embeddable":true,"href":"http:\/\/generation-coach.com\/index.php\/wp-json\/wp\/v2\/comments?post=2420"}],"version-history":[{"count":28,"href":"http:\/\/generation-coach.com\/index.php\/wp-json\/wp\/v2\/pages\/2420\/revisions"}],"predecessor-version":[{"id":3367,"href":"http:\/\/generation-coach.com\/index.php\/wp-json\/wp\/v2\/pages\/2420\/revisions\/3367"}],"up":[{"embeddable":true,"href":"http:\/\/generation-coach.com\/index.php\/wp-json\/wp\/v2\/pages\/41"}],"wp:attachment":[{"href":"http:\/\/generation-coach.com\/index.php\/wp-json\/wp\/v2\/media?parent=2420"}],"curies":[{"name":"wp","href":"https:\/\/api.w.org\/{rel}","templated":true}]}}