{"id":2433,"date":"2019-12-17T16:02:57","date_gmt":"2019-12-17T15:02:57","guid":{"rendered":"http:\/\/www.generation-coach.com\/?page_id=2433"},"modified":"2025-06-05T16:56:46","modified_gmt":"2025-06-05T14:56:46","slug":"constats","status":"publish","type":"page","link":"http:\/\/generation-coach.com\/index.php\/definition-et-aspect-pratique-du-coaching\/constats\/","title":{"rendered":"constats"},"content":{"rendered":"\t\t<div data-elementor-type=\"wp-page\" data-elementor-id=\"2433\" class=\"elementor elementor-2433\">\n\t\t\t\t\t\t<div class=\"elementor-inner\">\n\t\t\t\t<div class=\"elementor-section-wrap\">\n\t\t\t\t\t\t\t\t\t<section class=\"elementor-section elementor-top-section elementor-element elementor-element-6d3fbfe elementor-section-boxed elementor-section-height-default elementor-section-height-default\" data-id=\"6d3fbfe\" data-element_type=\"section\">\n\t\t\t\t\t\t<div class=\"elementor-container elementor-column-gap-default\">\n\t\t\t\t\t\t\t<div class=\"elementor-row\">\n\t\t\t\t\t<div class=\"elementor-column elementor-col-100 elementor-top-column elementor-element elementor-element-0a1f3f2\" data-id=\"0a1f3f2\" data-element_type=\"column\">\n\t\t\t<div class=\"elementor-column-wrap elementor-element-populated\">\n\t\t\t\t\t\t\t<div class=\"elementor-widget-wrap\">\n\t\t\t\t\t\t<div class=\"elementor-element elementor-element-b19fb65 elementor-widget elementor-widget-text-editor\" data-id=\"b19fb65\" data-element_type=\"widget\" data-widget_type=\"text-editor.default\">\n\t\t\t\t<div class=\"elementor-widget-container\">\n\t\t\t\t\t\t\t\t<div class=\"elementor-text-editor elementor-clearfix\">\n\t\t\t\t<p style=\"text-align: center;\"><strong><span style=\"color: #000080;\">Avez-vous d\u00e9j\u00e0 constat\u00e9 que les autres :<\/span><\/strong><\/p><ul><li style=\"text-align: left;\"><span style=\"color: #000080;\"><strong>viennent vers vous<\/strong><\/span><\/li><li style=\"text-align: left;\"><strong><span style=\"color: #000080;\">se sentent bien avec vous\u00a0<\/span><\/strong><\/li><li style=\"text-align: left;\"><strong><span style=\"color: #000080;\">vous demandent votre avis<\/span><\/strong><\/li><li style=\"text-align: left;\"><strong><span style=\"color: #000080;\">s&rsquo;\u00e9panouissent de vous avoir parl\u00e9<\/span><\/strong><\/li><li style=\"text-align: left;\"><strong><span style=\"color: #000080;\">vous remercie de les avoir aider, <\/span><\/strong><span style=\"color: #000080;\">sans que vous sachiez pr\u00e9cis\u00e9ment ce que vous avez fait pour cela <\/span><strong><span style=\"color: #000080;\">?<\/span><\/strong><\/li><\/ul><p style=\"text-align: center;\"><strong><span style=\"color: #000080;\">Si oui, alors restez avec nous !<\/span><\/strong><\/p><p><span style=\"color: #000080;\">Si vous sentez en lisant les d\u00e9finitions qui vont suivre, que cela r\u00e9sonne <em>(raisonne)<\/em> en vous, que nous exprimons ce que vous connaissez d\u00e9j\u00e0 sans toutefois pouvoir l&rsquo;exprimer, c&rsquo;est que nous vous apportons non pas la connaissance que vous avez d\u00e9j\u00e0, mais un moyen de la voir et de la d\u00e9velopper.<\/span><\/p>\t\t\t\t\t<\/div>\n\t\t\t\t\t\t<\/div>\n\t\t\t\t<\/div>\n\t\t\t\t\t\t<\/div>\n\t\t\t\t\t<\/div>\n\t\t<\/div>\n\t\t\t\t\t\t\t\t<\/div>\n\t\t\t\t\t<\/div>\n\t\t<\/section>\n\t\t\t\t<section class=\"elementor-section elementor-top-section elementor-element elementor-element-5863ffb elementor-section-boxed elementor-section-height-default elementor-section-height-default\" data-id=\"5863ffb\" data-element_type=\"section\">\n\t\t\t\t\t\t<div class=\"elementor-container elementor-column-gap-default\">\n\t\t\t\t\t\t\t<div class=\"elementor-row\">\n\t\t\t\t\t<div class=\"elementor-column elementor-col-50 elementor-top-column elementor-element elementor-element-e9a23b8\" data-id=\"e9a23b8\" data-element_type=\"column\">\n\t\t\t<div class=\"elementor-column-wrap elementor-element-populated\">\n\t\t\t\t\t\t\t<div class=\"elementor-widget-wrap\">\n\t\t\t\t\t\t<div class=\"elementor-element elementor-element-dd6fae8 elementor-widget elementor-widget-text-editor\" data-id=\"dd6fae8\" data-element_type=\"widget\" data-widget_type=\"text-editor.default\">\n\t\t\t\t<div class=\"elementor-widget-container\">\n\t\t\t\t\t\t\t\t<div class=\"elementor-text-editor elementor-clearfix\">\n\t\t\t\t<p style=\"text-align: center;\"><span style=\"color: #800000;\"><strong>Se reconnaitre, <\/strong><\/span><\/p><p style=\"text-align: center;\"><span style=\"color: #800000;\"><strong>dans la <span style=\"color: #800000;\">d\u00e9finition<\/span> :<\/strong><\/span><\/p><ul><li style=\"text-align: left;\"><span style=\"color: #000080;\"><strong>du <a style=\"color: #000080;\" href=\"http:\/\/www.generation-coach.com\/index.php\/definition-et-aspect-pratique-du-coaching\/definition-du-coaching\/\">coaching<\/a><\/strong><\/span><\/li><li style=\"text-align: left;\"><span style=\"color: #000080;\"><strong><a href=\"http:\/\/www.generation-coach.com\/index.php\/definition-et-aspect-pratique-du-coaching\/le-coach-professionnel\/\"><span style=\"color: #000080;\">du coach professionnel<\/span><\/a> <\/strong><a style=\"color: #000080;\" href=\"http:\/\/www.generation-coach.com\/index.php\/definition-et-aspect-pratique-du-coaching\/le-professionnalisme-du-coach\/\"><em>(professionnalisme)<\/em><\/a><\/span><\/li><li style=\"text-align: left;\"><span style=\"color: #000080;\"><strong>de la <a style=\"color: #000080;\" href=\"http:\/\/www.generation-coach.com\/index.php\/definition-et-aspect-pratique-du-coaching\/deontologie-vous-pouvez-consulter\/\">d\u00e9ontologie<\/a><\/strong><\/span><span style=\"color: #000080;\"><br \/><\/span><\/li><\/ul>\t\t\t\t\t<\/div>\n\t\t\t\t\t\t<\/div>\n\t\t\t\t<\/div>\n\t\t\t\t\t\t<\/div>\n\t\t\t\t\t<\/div>\n\t\t<\/div>\n\t\t\t\t<div class=\"elementor-column elementor-col-50 elementor-top-column elementor-element elementor-element-b38e3a1\" data-id=\"b38e3a1\" data-element_type=\"column\">\n\t\t\t<div class=\"elementor-column-wrap elementor-element-populated\">\n\t\t\t\t\t\t\t<div class=\"elementor-widget-wrap\">\n\t\t\t\t\t\t<div class=\"elementor-element elementor-element-aa72c93 elementor-widget elementor-widget-text-editor\" data-id=\"aa72c93\" data-element_type=\"widget\" data-widget_type=\"text-editor.default\">\n\t\t\t\t<div class=\"elementor-widget-container\">\n\t\t\t\t\t\t\t\t<div class=\"elementor-text-editor elementor-clearfix\">\n\t\t\t\t<p><span style=\"color: #800000;\"><strong>Se reconnaitre, <\/strong><\/span><\/p><p><span style=\"color: #800000;\"><strong>dans l<span style=\"color: #800000;\"><a style=\"color: #800000;\" href=\"http:\/\/www.generation-coach.com\/index.php\/definition-et-aspect-pratique-du-coaching\/definition-du-coaching\/en-pratique\/\">a pratique<\/a><\/span> du coaching :<\/strong><\/span><\/p><p>\u00a0<\/p><p style=\"text-align: center;\"><span style=\"color: #008000;\"><strong>ICI-MAINTENANT <\/strong><em>(Mise en situation)<\/em><\/span><\/p><p>\u00a0<\/p><p style=\"text-align: center;\"><strong><span style=\"color: #000080;\">Observation \/ Ecoute \/ Observation \/ Ecoute&#8230;<\/span><\/strong><\/p><p>\u00a0<\/p><p style=\"text-align: center;\"><strong><span style=\"color: #000080;\">Utilisation d&rsquo;outils &amp; de process<\/span><\/strong><\/p><p style=\"text-align: center;\"><strong><span style=\"color: #000080;\">Feed-back<\/span><\/strong><\/p><p>\u00a0<\/p><p style=\"text-align: left;\"><em><span style=\"color: #000080;\">Silence &#8211; <\/span><span style=\"color: #000080;\">Questionnement &#8211; <\/span><span style=\"color: #000080;\">Autres outils &amp; process<\/span><\/em><\/p><p style=\"text-align: left;\">\u00a0<\/p>\t\t\t\t\t<\/div>\n\t\t\t\t\t\t<\/div>\n\t\t\t\t<\/div>\n\t\t\t\t\t\t<\/div>\n\t\t\t\t\t<\/div>\n\t\t<\/div>\n\t\t\t\t\t\t\t\t<\/div>\n\t\t\t\t\t<\/div>\n\t\t<\/section>\n\t\t\t\t\t\t\t\t\t<\/div>\n\t\t\t<\/div>\n\t\t\t\t\t<\/div>\n\t\t","protected":false},"excerpt":{"rendered":"<p>Avez-vous d\u00e9j\u00e0 constat\u00e9 que les autres : viennent vers vous se sentent bien avec vous\u00a0 vous demandent votre avis s&rsquo;\u00e9panouissent [&hellip;]<\/p>\n","protected":false},"author":1,"featured_media":0,"parent":9,"menu_order":0,"comment_status":"closed","ping_status":"closed","template":"","meta":{"spay_email":""},"_links":{"self":[{"href":"http:\/\/generation-coach.com\/index.php\/wp-json\/wp\/v2\/pages\/2433"}],"collection":[{"href":"http:\/\/generation-coach.com\/index.php\/wp-json\/wp\/v2\/pages"}],"about":[{"href":"http:\/\/generation-coach.com\/index.php\/wp-json\/wp\/v2\/types\/page"}],"author":[{"embeddable":true,"href":"http:\/\/generation-coach.com\/index.php\/wp-json\/wp\/v2\/users\/1"}],"replies":[{"embeddable":true,"href":"http:\/\/generation-coach.com\/index.php\/wp-json\/wp\/v2\/comments?post=2433"}],"version-history":[{"count":8,"href":"http:\/\/generation-coach.com\/index.php\/wp-json\/wp\/v2\/pages\/2433\/revisions"}],"predecessor-version":[{"id":3406,"href":"http:\/\/generation-coach.com\/index.php\/wp-json\/wp\/v2\/pages\/2433\/revisions\/3406"}],"up":[{"embeddable":true,"href":"http:\/\/generation-coach.com\/index.php\/wp-json\/wp\/v2\/pages\/9"}],"wp:attachment":[{"href":"http:\/\/generation-coach.com\/index.php\/wp-json\/wp\/v2\/media?parent=2433"}],"curies":[{"name":"wp","href":"https:\/\/api.w.org\/{rel}","templated":true}]}}