{"id":29,"date":"2019-09-26T14:44:42","date_gmt":"2019-09-26T12:44:42","guid":{"rendered":"http:\/\/95.142.173.191\/?page_id=29"},"modified":"2025-08-28T16:04:16","modified_gmt":"2025-08-28T14:04:16","slug":"autres-domaines","status":"publish","type":"page","link":"http:\/\/generation-coach.com\/index.php\/connaitre-developper-ses-competences-coach\/autres-domaines\/","title":{"rendered":"Connaitre les domaines associ\u00e9s"},"content":{"rendered":"\t\t<div data-elementor-type=\"wp-page\" data-elementor-id=\"29\" class=\"elementor elementor-29\">\n\t\t\t\t\t\t<div class=\"elementor-inner\">\n\t\t\t\t<div class=\"elementor-section-wrap\">\n\t\t\t\t\t\t\t\t\t<section class=\"elementor-section elementor-top-section elementor-element elementor-element-47d060c0 elementor-section-boxed elementor-section-height-default elementor-section-height-default\" data-id=\"47d060c0\" data-element_type=\"section\">\n\t\t\t\t\t\t<div class=\"elementor-container elementor-column-gap-default\">\n\t\t\t\t\t\t\t<div class=\"elementor-row\">\n\t\t\t\t\t<div class=\"elementor-column elementor-col-100 elementor-top-column elementor-element elementor-element-1cc8a7da\" data-id=\"1cc8a7da\" data-element_type=\"column\">\n\t\t\t<div class=\"elementor-column-wrap elementor-element-populated\">\n\t\t\t\t\t\t\t<div class=\"elementor-widget-wrap\">\n\t\t\t\t\t\t<div class=\"elementor-element elementor-element-44d50e84 elementor-widget elementor-widget-text-editor\" data-id=\"44d50e84\" data-element_type=\"widget\" data-widget_type=\"text-editor.default\">\n\t\t\t\t<div class=\"elementor-widget-container\">\n\t\t\t\t\t\t\t\t<div class=\"elementor-text-editor elementor-clearfix\">\n\t\t\t\t<!-- wp:image -->\n<figure class=\"wp-block-image\"><img class=\"alignright\" src=\"http:\/\/localhost\/gen_coach\/uploads\/images\/illustrations\/reseau\/sophro_img01.jpg\" alt=\"\" \/><\/figure>\n<p style=\"padding-left: 40px; text-align: center;\"><span style=\"color: #000080;\"><strong><span style=\"color: #800000;\">Ecoutez votre senti <\/span><\/strong>s&rsquo;il vous invite \u00e0 connaitre les domaines associ\u00e9s suivants, <\/span><\/p>\n<ul>\n<li style=\"list-style-type: none;\">\n<ul>\n<li style=\"list-style-type: none;\">\n<ul>\n<li style=\"list-style-type: none;\">\n<ul>\n<li style=\"text-align: left;\"><a href=\"http:\/\/www.generation-coach.com\/index.php\/formations-et-evenements-associes\/autres-domaines\/sophrologie\/\"><strong><span style=\"color: #000080;\">La Sophrologie<\/span><\/strong><\/a>\n<ul>\n<li><a href=\"http:\/\/www.centre-sophro.com\"><strong><span style=\"color: #800000;\">http:\/\/www.centre-sophro.com<\/span><\/strong><\/a><\/li>\n<\/ul>\n<\/li>\n<li><strong><span style=\"color: #000080;\">La PNL : <\/span><\/strong>\n<ul>\n<li><strong><span style=\"color: #000080;\"><span style=\"color: #800000;\"><a style=\"color: #800000;\" href=\"https:\/\/www.linkedin.com\/in\/pierrearthapignet\/\">https:\/\/www.linkedin.com\/in\/pierrearthapignet\/\u00a0<\/a><\/span><\/span><\/strong><\/li>\n<li><a href=\"http:\/\/www.inforpnl.com\/interlocuteurs.htm\"><span style=\"color: #800000;\"><strong>http:\/\/www.inforpnl.com\/interlocuteurs.htm<\/strong><\/span><\/a><\/li>\n<\/ul>\n<\/li>\n<li><strong><span style=\"color: #000080;\">La Syst\u00e9mique<\/span><\/strong>\n<ul>\n<li><a href=\"https:\/\/psychotherapie.ooreka.fr\/comprendre\/therapie-systemique\"><strong><span style=\"color: #800000;\">https:\/\/psychotherapie.ooreka.fr\/comprendre\/therapie-systemique<\/span><\/strong><\/a><\/li>\n<\/ul>\n<\/li>\n<li><strong><span style=\"color: #000080;\">L&rsquo;ost\u00e9opathie<\/span><\/strong>\n<ul>\n<li><a href=\"https:\/\/www.quentindost.com\/\"><span style=\"color: #800000;\"><strong>https:\/\/www.quentindost.com\/<\/strong><\/span><\/a><\/li>\n<\/ul>\n<\/li>\n<li><strong><span style=\"color: #000080;\">L&rsquo;Energ\u00e9tique<\/span><\/strong>\n<ul>\n<li><strong><span style=\"color: #800000;\">Sandra Pergiovanni : T\u00e9l : 06.47.40.00.87 &#8211; s.gaiasoleil@gmail.com<\/span><\/strong><\/li>\n<\/ul>\n<\/li>\n<li><strong><span style=\"color: #000080;\">La Naturopathie<\/span><\/strong>\n<ul>\n<li><a href=\"https:\/\/www.naturopathe.net\/definition-naturopathie\"><strong><span style=\"color: #800000;\">https:\/\/www.naturopathe.net\/definition-naturopathie<\/span><\/strong><\/a><\/li>\n<\/ul>\n<\/li>\n<li><strong><span style=\"color: #000080;\">La M\u00e9ditation<\/span><\/strong>\n<ul>\n<li><a href=\"http:\/\/meditation-pleineconscience.fr\/\"><strong><span style=\"color: #800000;\">http:\/\/meditation-pleineconscience.fr\/<\/span><\/strong><\/a><\/li>\n<li><strong><span style=\"color: #800000;\">&#8230;&#8230;.\u00a0<\/span><\/strong><\/li>\n<\/ul>\n<\/li>\n<\/ul>\n<\/li>\n<\/ul>\n<\/li>\n<\/ul>\n<\/li>\n<\/ul>\n<p style=\"padding-left: 40px; text-align: center;\"><span style=\"color: #000080;\"><span style=\"color: #800000;\"><strong>vous catalyserez ainsi l&rsquo;\u00e9mergence<\/strong><\/span> de leurs concepts, outils ou process lors de vos coaching.<\/span><\/p>\n<p>\u00a0<\/p>\n<p style=\"padding-left: 40px;\"><span style=\"color: #000080;\">Nous s\u00e9lectionnons et conseillons des professionnels de ces domaines dont nous connaissons le professionnalisme.<\/span><\/p>\n<p>\u00a0<\/p>\n<p style=\"text-align: center;\">&#8212;&#8212;&#8212;&#8211;<\/p>\n<!-- \/wp:image --><!-- wp:paragraph -->\n<p>\u00a0<\/p>\n<p style=\"padding-left: 40px;\"><span style=\"color: #000080;\">Le coaching fait \u00e9merger des concepts, des process et des outils, qui une fois retranscrits, d\u00e9voilent leur appartenance \u00e0 d&rsquo;autres domaines d&rsquo;activit\u00e9.<\/span><\/p>\n<p style=\"padding-left: 40px;\"><span style=\"color: #000080;\">Le coaching met en oeuvre ces outils &amp; process, sans pour autant se confondre avec ce domaine d&rsquo;activit\u00e9, comme un chef d&rsquo;orchestre, dont la musique se d\u00e9couvrirait de la jouer.<\/span><\/p>\n<p style=\"padding-left: 40px;\"><em><span style=\"color: #000080;\">Exemple : le coaching fait \u00e9merger des outils connus\u00a0 appartenant de la PNL (Programmation Neuro-Linguistique), sans pour autant \u00eatre uniquement de la PNL.<\/span><\/em><\/p>\n<p style=\"padding-left: 40px;\"><span style=\"color: #000080;\">Connaitre ces domaines pr\u00e9alablement \u00e0 la r\u00e9alisation d&rsquo;un coaching, repr\u00e9sente une opportunit\u00e9 d&rsquo;<strong><em>acc\u00e9l\u00e9rer l&rsquo;\u00e9mergence<\/em><\/strong> des concepts,\u00a0 outils &amp; process qui les composent.<\/span><\/p>\n<p style=\"padding-left: 40px;\"><span style=\"color: #000080;\">Les ignorer n&#8217;emp\u00eache toutefois pas leur \u00e9mergence lors d&rsquo;un coaching.\u00a0<\/span><\/p>\n<p><span style=\"color: #000080;\"><!-- \/wp:list --><!-- wp:list --><\/span><\/p>\n<!-- \/wp:list -->\t\t\t\t\t<\/div>\n\t\t\t\t\t\t<\/div>\n\t\t\t\t<\/div>\n\t\t\t\t\t\t<\/div>\n\t\t\t\t\t<\/div>\n\t\t<\/div>\n\t\t\t\t\t\t\t\t<\/div>\n\t\t\t\t\t<\/div>\n\t\t<\/section>\n\t\t\t\t<section class=\"elementor-section elementor-top-section elementor-element elementor-element-78ee1c7 elementor-section-boxed elementor-section-height-default elementor-section-height-default\" data-id=\"78ee1c7\" data-element_type=\"section\">\n\t\t\t\t\t\t<div class=\"elementor-container elementor-column-gap-default\">\n\t\t\t\t\t\t\t<div class=\"elementor-row\">\n\t\t\t\t\t<div class=\"elementor-column elementor-col-50 elementor-top-column elementor-element elementor-element-b1de6ef\" data-id=\"b1de6ef\" data-element_type=\"column\">\n\t\t\t<div class=\"elementor-column-wrap elementor-element-populated\">\n\t\t\t\t\t\t\t<div class=\"elementor-widget-wrap\">\n\t\t\t\t\t\t<div class=\"elementor-element elementor-element-11febf5 elementor-widget elementor-widget-text-editor\" data-id=\"11febf5\" data-element_type=\"widget\" data-widget_type=\"text-editor.default\">\n\t\t\t\t<div class=\"elementor-widget-container\">\n\t\t\t\t\t\t\t\t<div class=\"elementor-text-editor elementor-clearfix\">\n\t\t\t\t\t\t\t\t\t<\/div>\n\t\t\t\t\t\t<\/div>\n\t\t\t\t<\/div>\n\t\t\t\t\t\t<\/div>\n\t\t\t\t\t<\/div>\n\t\t<\/div>\n\t\t\t\t<div class=\"elementor-column elementor-col-50 elementor-top-column elementor-element elementor-element-aa1cf37\" data-id=\"aa1cf37\" data-element_type=\"column\">\n\t\t\t<div class=\"elementor-column-wrap\">\n\t\t\t\t\t\t\t<div class=\"elementor-widget-wrap\">\n\t\t\t\t\t\t\t\t<\/div>\n\t\t\t\t\t<\/div>\n\t\t<\/div>\n\t\t\t\t\t\t\t\t<\/div>\n\t\t\t\t\t<\/div>\n\t\t<\/section>\n\t\t\t\t\t\t\t\t\t<\/div>\n\t\t\t<\/div>\n\t\t\t\t\t<\/div>\n\t\t","protected":false},"excerpt":{"rendered":"<p>\u00a0 Le coaching fait \u00e9merger des concepts, des process et des outils, qui une fois retranscrits, d\u00e9voilent leur appartenance \u00e0 [&hellip;]<\/p>\n","protected":false},"author":1,"featured_media":0,"parent":41,"menu_order":0,"comment_status":"closed","ping_status":"closed","template":"","meta":{"spay_email":""},"_links":{"self":[{"href":"http:\/\/generation-coach.com\/index.php\/wp-json\/wp\/v2\/pages\/29"}],"collection":[{"href":"http:\/\/generation-coach.com\/index.php\/wp-json\/wp\/v2\/pages"}],"about":[{"href":"http:\/\/generation-coach.com\/index.php\/wp-json\/wp\/v2\/types\/page"}],"author":[{"embeddable":true,"href":"http:\/\/generation-coach.com\/index.php\/wp-json\/wp\/v2\/users\/1"}],"replies":[{"embeddable":true,"href":"http:\/\/generation-coach.com\/index.php\/wp-json\/wp\/v2\/comments?post=29"}],"version-history":[{"count":28,"href":"http:\/\/generation-coach.com\/index.php\/wp-json\/wp\/v2\/pages\/29\/revisions"}],"predecessor-version":[{"id":3413,"href":"http:\/\/generation-coach.com\/index.php\/wp-json\/wp\/v2\/pages\/29\/revisions\/3413"}],"up":[{"embeddable":true,"href":"http:\/\/generation-coach.com\/index.php\/wp-json\/wp\/v2\/pages\/41"}],"wp:attachment":[{"href":"http:\/\/generation-coach.com\/index.php\/wp-json\/wp\/v2\/media?parent=29"}],"curies":[{"name":"wp","href":"https:\/\/api.w.org\/{rel}","templated":true}]}}