{"id":14,"date":"2019-09-26T14:34:02","date_gmt":"2019-09-26T12:34:02","guid":{"rendered":"http:\/\/95.142.173.191\/?page_id=14"},"modified":"2019-11-08T16:53:43","modified_gmt":"2019-11-08T15:53:43","slug":"en-pratique","status":"publish","type":"page","link":"https:\/\/generation-coach.com\/index.php\/definition-et-aspect-pratique-du-coaching\/en-pratique\/","title":{"rendered":"se reconnaitre dans cette d\u00e9finition de sa pratique"},"content":{"rendered":"\t\t<div data-elementor-type=\"wp-page\" data-elementor-id=\"14\" class=\"elementor elementor-14\">\n\t\t\t\t\t\t<div class=\"elementor-inner\">\n\t\t\t\t<div class=\"elementor-section-wrap\">\n\t\t\t\t\t\t\t\t\t<section class=\"elementor-section elementor-top-section elementor-element elementor-element-5e6dbb41 elementor-section-boxed elementor-section-height-default elementor-section-height-default\" data-id=\"5e6dbb41\" data-element_type=\"section\">\n\t\t\t\t\t\t<div class=\"elementor-container elementor-column-gap-default\">\n\t\t\t\t\t\t\t<div class=\"elementor-row\">\n\t\t\t\t\t<div class=\"elementor-column elementor-col-50 elementor-top-column elementor-element elementor-element-596f088e\" data-id=\"596f088e\" data-element_type=\"column\">\n\t\t\t<div class=\"elementor-column-wrap elementor-element-populated\">\n\t\t\t\t\t\t\t<div class=\"elementor-widget-wrap\">\n\t\t\t\t\t\t<div class=\"elementor-element elementor-element-be4d34e elementor-widget elementor-widget-text-editor\" data-id=\"be4d34e\" data-element_type=\"widget\" data-widget_type=\"text-editor.default\">\n\t\t\t\t<div class=\"elementor-widget-container\">\n\t\t\t\t\t\t\t\t<div class=\"elementor-text-editor elementor-clearfix\">\n\t\t\t\t<p align=\"center\"><img loading=\"lazy\" class=\"alignnone size-full wp-image-170\" src=\"http:\/\/www.generation-coach.com\/wp-content\/uploads\/coaching03.jpg\" alt=\"\" width=\"216\" height=\"143\" \/><\/p>\n<p>\u00a0<\/p>\n<p style=\"text-align: center;\"><span style=\"color: #000080;\"><span style=\"color: #800000;\"><strong>S<\/strong><strong>entez-vous<\/strong><strong> un \u00e9lan <\/strong><span style=\"color: #000080;\">vers\u00a0 <\/span><\/span><\/span><span style=\"color: #000080;\"><em><strong>le coaching <\/strong><\/em>lorsque vous lisez, entendez,\u00a0 voyez&#8230;<em><strong>. <\/strong><\/em>notre vision<\/span><\/p>\n<h1 style=\"text-align: center;\"><span style=\"color: #000080;\">?<br \/><\/span><\/h1>\n<p>\u00a0<\/p>\n<p style=\"text-align: center;\"><strong style=\"color: #800000;\">Si oui, suivez-vous<\/strong><\/p>\n<p style=\"text-align: center;\"><strong style=\"color: #800000;\"> !<\/strong><\/p>\n<p>\u00a0<\/p>\n<p>\u00a0<\/p>\n<p>\u00a0<\/p>\n<p>\u00a0<\/p>\n<p>\u00a0<\/p>\n<p>\u00a0<\/p>\n<p>\u00a0<\/p>\n<p>\u00a0<\/p>\n<p>\u00a0<\/p>\n<p>\u00a0<\/p>\n<p>\u00a0<\/p>\n<p>\u00a0<\/p>\n<p>\u00a0<\/p>\n<p>\u00a0<\/p>\n<p>\u00a0<\/p>\n<p>\u00a0<\/p>\n<p>\u00a0<\/p>\n<p>\u00a0<\/p>\n<p>\u00a0<\/p>\n<p>\u00a0<\/p>\n<p>\u00a0<\/p>\n<p>\u00a0<\/p>\n<p>\u00a0<\/p>\n<p>\u00a0<\/p>\n<p>\u00a0<\/p>\n<p>\u00a0<\/p>\n<p>\u00a0<\/p>\n<p>\u00a0<\/p>\n<p>\u00a0<\/p>\n<p>\u00a0<\/p>\n<p>\u00a0<\/p>\n<p>\u00a0<\/p>\n<p>\u00a0<\/p>\n<p>\u00a0<\/p>\n<p>\u00a0<\/p>\n<p>\u00a0<\/p>\n<p>\u00a0<\/p>\n<p>\u00a0<\/p>\n<p>\u00a0<\/p>\n<p>\u00a0<\/p>\n<p>\u00a0<\/p>\n<p>\u00a0<\/p>\n<p>\u00a0<\/p>\n<p>\u00a0<\/p>\n<p>\u00a0<\/p>\n<p>\u00a0<\/p>\n<p>\u00a0<\/p>\n<p>\u00a0<\/p>\n<p>\u00a0<\/p>\n<p>\u00a0<\/p>\n<p>\u00a0<\/p>\n<p>\u00a0<\/p>\n<p>\u00a0<\/p>\n<p>\u00a0<\/p>\n<p>\u00a0<\/p>\n<p>\u00a0<\/p>\n<p>\u00a0<\/p>\n<p>\u00a0<\/p>\n<p>\u00a0<\/p>\n<p>\u00a0<\/p>\n<p style=\"text-align: center;\"><span style=\"color: #800000;\"><b>\u00a0<\/b><\/span><\/p>\n<p>\u00a0<\/p>\t\t\t\t\t<\/div>\n\t\t\t\t\t\t<\/div>\n\t\t\t\t<\/div>\n\t\t\t\t\t\t<\/div>\n\t\t\t\t\t<\/div>\n\t\t<\/div>\n\t\t\t\t<div class=\"elementor-column elementor-col-50 elementor-top-column elementor-element elementor-element-76afed8\" data-id=\"76afed8\" data-element_type=\"column\">\n\t\t\t<div class=\"elementor-column-wrap elementor-element-populated\">\n\t\t\t\t\t\t\t<div class=\"elementor-widget-wrap\">\n\t\t\t\t\t\t<div class=\"elementor-element elementor-element-26ffb3d elementor-widget elementor-widget-text-editor\" data-id=\"26ffb3d\" data-element_type=\"widget\" data-widget_type=\"text-editor.default\">\n\t\t\t\t<div class=\"elementor-widget-container\">\n\t\t\t\t\t\t\t\t<div class=\"elementor-text-editor elementor-clearfix\">\n\t\t\t\t<p><!-- \/wp:paragraph --><!-- wp:paragraph --><\/p>\n<p style=\"text-align: center;\"><span style=\"color: #000080;\">En quoi consiste l\u2019accompagnement en miroir\u00a0du coaching ?\u00a0<\/span><\/p>\n<p><!-- \/wp:paragraph --><!-- wp:heading --><\/p>\n<h2><span style=\"color: #800000;\">1-\u00a0\u00a0 La notion de miroir<\/span><\/h2>\n<p><!-- \/wp:heading --><!-- wp:paragraph --><\/p>\n<p><span style=\"color: #000080;\">Dans la relation de coaching, le coach pose des questions que la personne accompagn\u00e9e se poserait si elle se voyait ou envisageait sa situation, en \u00e9tant \u00e0 l\u2019ext\u00e9rieur d\u2019elle-m\u00eame.<\/span><\/p>\n<p><span style=\"color: #000080;\"><!-- \/wp:paragraph --><!-- wp:paragraph --><\/span><\/p>\n<p><span style=\"color: #000080;\">Le coach permet d\u2019explorer \u00e0 360\u00b0, ce que constitutionnellement nous abordons habituellement \u00e0 partir d\u2019un point de vue plus restreint.<\/span><\/p>\n<p><span style=\"color: #000080;\"><!-- \/wp:paragraph --><!-- wp:paragraph --><\/span><\/p>\n<p><span style=\"color: #000080;\">L\u2019efficacit\u00e9 du coach <em>(sa transparence)<\/em> est proportionnelle \u00e0 l&rsquo;absence de projections personnelles (<em>interpr\u00e9tation, jugement, r\u00e9action\u2026.), <\/em>ce qui permet \u00e0 la personne accompagn\u00e9e de percevoir son reflet dans le miroir qu\u2019est le coach, et rien d\u2019autre.<\/span><\/p>\n<p><!-- \/wp:paragraph --><!-- wp:heading --><\/p>\n<h2><span style=\"color: #800000;\">2-Les th\u00e8mes d\u2019accompagnement<\/span><\/h2>\n<p><!-- \/wp:heading --><!-- wp:paragraph --><\/p>\n<p><span style=\"color: #000080;\"><!-- \/wp:paragraph --><!-- wp:paragraph --><\/span><\/p>\n<p><span style=\"color: #000080;\"><!-- \/wp:paragraph --><!-- wp:paragraph --><\/span><\/p>\n<p><span style=\"color: #000080;\">Le coaching permet <strong>d\u2019acc\u00e9l\u00e9rer, de faciliter, d\u2019enclencher et de garantir la r\u00e9alisation d\u2019un objectif,\u00a0 <\/strong>que cet objectif soit sportif, commercial, manag\u00e9rial, entrepreneurial, familial, personnel\u2026\u2026\u2026.<\/span><\/p>\n<p><span style=\"color: #000080;\"><!-- \/wp:paragraph --><!-- wp:paragraph --><\/span><\/p>\n<p><span style=\"color: #000080;\">Les demandes d\u2019accompagnement sont donc diverses et vari\u00e9es, \u00e0 savoir\u00a0:<\/span><\/p>\n<p><span style=\"color: #000080;\"><!-- \/wp:paragraph --><!-- wp:heading {\"level\":3} --><\/span><\/p>\n<h3><span style=\"color: #000080;\">Pour une entreprise\u00a0:<\/span><\/h3>\n<p><span style=\"color: #000080;\"><!-- \/wp:heading --><!-- wp:list --><\/span><\/p>\n<ul>\n<li><span style=\"color: #000080;\"><strong>augmenter la rapidit\u00e9 d\u2019int\u00e9gration<\/strong> d\u2019un nouveau collaborateur prenant ses fonctions<\/span><\/li>\n<li><span style=\"color: #000080;\"><strong>augmenter la motivation <\/strong>et\/ou<strong> la coh\u00e9sion <\/strong>et\/ou<strong> les r\u00e9sultats d&rsquo;une \u00e9quipe<\/strong><\/span><\/li>\n<li><span style=\"color: #000080;\"><strong>augmenter l\u2019expression des comp\u00e9tences d&rsquo;un manager <\/strong>\u00e9voluant dans un contexte\u00a0 contraignant et stressant <i>\u00a0<\/i><\/span><\/li>\n<li><span style=\"color: #000080;\"><strong>d\u00e9cider sous pression en gardant son recul, <\/strong>d&rsquo;une cession ou d&rsquo;une acquisition d\u2019entreprise, d&rsquo;un d\u00e9part \u00e0 la retraite, d&rsquo;un changement de cap, de nouveaux investissements, de la gestion d\u2019un conflit\u2026..<\/span><\/li>\n<li><span style=\"color: #000080;\"><strong>r\u00e9soudre <\/strong>une probl\u00e9matique de <strong>motivation<\/strong>, d&rsquo;<strong>absent\u00e9\u00efsme<\/strong>, de moindre <strong>performance<\/strong>, de <strong>conflit<\/strong>, de <strong>stress<\/strong>\u00a0&#8230;&#8230;<strong> de salari\u00e9s<\/strong><\/span><\/li>\n<li><span style=\"color: #000080;\"><strong>d\u00e9l\u00e9guer<\/strong> en assurant la croissance pour un dirigeant de PME<\/span><\/li>\n<li><span style=\"color: #000080;\">ect\u2026.<\/span><\/li>\n<\/ul>\n<p><span style=\"color: #000080;\"><!-- \/wp:list --><!-- wp:heading {\"level\":3} --><\/span><\/p>\n<h3><span style=\"color: #000080;\">Pour un particulier :<\/span><\/h3>\n<p><span style=\"color: #000080;\"><!-- \/wp:heading --><!-- wp:list --><\/span><\/p>\n<ul>\n<li><span style=\"color: #000080;\"><strong>revenir plus vite \u00e0 l\u2019\u00e9quilibre <\/strong>d\u2019un divorce, d\u2019un d\u00e9part \u00e0 la retraite, d\u2019un licenciement, d\u2019un d\u00e9c\u00e8s, d\u2019un stress, d\u2019une d\u00e9pression, d\u2019un conflit, d&rsquo;une maladie\u2026\u2026\u2026\u2026.\u00a0\u00a0<\/span><\/li>\n<li><span style=\"color: #000080;\"><strong>s&rsquo;assurer <\/strong><\/span><span style=\"color: #000080;\"><strong>de r\u00e9ussir <\/strong>un examen, une orientation\u00a0 professionnelle, un choix de vie, une recherche d&#8217;emploi, une perte de poids, l&rsquo;arr\u00eat d&rsquo;une addiction, ses relations amicales, affectives, ses interventions en public \u2026\u2026\u2026 <\/span><\/li>\n<li><span style=\"color: #000080;\">ect\u2026.<\/span><\/li>\n<\/ul>\n<p><span style=\"color: #000080;\"><!-- \/wp:list --><!-- wp:heading {\"level\":3} --><\/span><\/p>\n<h3><span style=\"color: #000080;\">Pour un sportif\u00a0:<\/span><\/h3>\n<p><span style=\"color: #000080;\"><!-- \/wp:heading --><!-- wp:list --><\/span><\/p>\n<ul>\n<li><span style=\"color: #000080;\"><strong>s&rsquo;assurer de r\u00e9ussir <\/strong>une comp\u00e9tition\u00a0\u00a0<\/span><\/li>\n<li><span style=\"color: #000080;\"><strong>d\u00e9passer ses limites <\/strong>dans la pratique de son sport\u00a0<\/span><\/li>\n<li><span style=\"color: #000080;\">\u00a0<strong>utiliser toutes les synergies et potentialit\u00e9s <\/strong>des joueurs <strong>d&rsquo;une \u00e9quipe<\/strong><\/span><\/li>\n<li><span style=\"color: #000080;\">ect\u2026.<\/span><\/li>\n<\/ul>\n<p><!-- \/wp:list --><!-- wp:heading --><\/p>\n<h2><span style=\"color: #800000;\">3-Les processus d\u2019accompagnement<\/span><\/h2>\n<p><!-- \/wp:heading --><!-- wp:paragraph --><\/p>\n<p><span style=\"color: #000080;\">Le coach\u00a0:\u00a0<\/span><\/p>\n<p><span style=\"color: #000080;\"><!-- \/wp:paragraph --><!-- wp:list --><\/span><\/p>\n<ul>\n<li><strong><span style=\"color: #000080;\">observe conjointement <\/span><\/strong><span style=\"color: #000080;\"><em>(Ecoute) <\/em><\/span><span style=\"color: #000080;\">: lui, la personne accompagn\u00e9e, le contexte<\/span><\/li>\n<li><span style=\"color: #000080;\"><strong>sens<\/strong> ce qui fait obstacle \u00e0 l&rsquo;\u00e9mergence de la solution<\/span><\/li>\n<li><span style=\"color: #000080;\"><strong>oriente et<\/strong> <strong>focalise l\u2019attention<\/strong> de la personne accompagn\u00e9e \u00e0 partir de ce senti, ce qui lui permet de <strong>percevoir<\/strong> sa r\u00e9alit\u00e9 sous un angle propice \u00e0 la concr\u00e9tisation de l\u2019objectif qu\u2019elle poursuit<\/span><\/li>\n<li><span style=\"color: #000080;\"><strong>facilite la remise en cause <\/strong>d&rsquo;interpr\u00e9tations ancr\u00e9es de longue date (<strong>croyances<\/strong>), ce qui fait place au changement et assure la r\u00e9alisation de l&rsquo;objectif poursuivi<\/span>\u00a0 \u00a0 \u00a0 \u00a0 \u00a0 \u00a0 \u00a0 \u00a0 \u00a0 \u00a0 \u00a0 \u00a0 \u00a0 \u00a0 \u00a0 \u00a0 \u00a0 \u00a0 \u00a0 \u00a0<\/li>\n<\/ul>\n<p><span style=\"color: #000080;\"><!-- \/wp:paragraph --><!-- wp:heading --><\/span><\/p>\n<h2><span style=\"color: #800000;\">4- Les outils du coach<\/span><\/h2>\n<p><span style=\"color: #000080;\"><!-- \/wp:heading --><!-- wp:paragraph --><\/span><\/p>\n<p><span style=\"color: #000080;\">Le coach<strong><span style=\"color: #800000;\"> laisse l&rsquo;ici-maintenant faire \u00e9merger<\/span><\/strong> en lui-m\u00eame les outils et les process n\u00e9cessaires \u00e0 l&rsquo;accompagnement, notamment\u00a0 :<\/span><\/p>\n<p><span style=\"color: #000080;\"><!-- \/wp:paragraph --><!-- wp:list --><\/span><\/p>\n<p><span style=\"color: #000080;\">Le Debriefing<\/span><\/p>\n<ul>\n<li><span style=\"color: #000080;\">Le Silence<\/span><\/li>\n<li><span style=\"color: #000080;\">Le non jugement<\/span><\/li>\n<li><span style=\"color: #000080;\">Le Feed-Back<\/span>\n<ul>\n<li><span style=\"color: #000080;\">Le Questionnement (<\/span><em style=\"color: #000080;\">le questionnement de l&rsquo;\u00e9vidence, des g\u00e9n\u00e9ralisations, des omissions, des obligations, des interdits&#8230;&#8230;<\/em><em><span style=\"color: #000080;\">La formulation d\u2019hypoth\u00e8ses&#8230;)<\/span><\/em><\/li>\n<\/ul>\n<\/li>\n<\/ul>\n<ul>\n<li style=\"list-style-type: none;\">\n<ul>\n<li><span style=\"color: #000080;\">La Reformulation<\/span><\/li>\n<li><span style=\"color: #000080;\">La D\u00e9finition d\u2019objectif<\/span><\/li>\n<li><span style=\"color: #000080;\">Le Dessin projectif<\/span><\/li>\n<li><span style=\"color: #000080;\">Le cadre du<em> \u00ab\u00a0comme si\u00a0\u00bb<\/em><\/span><\/li>\n<li><span style=\"color: #000080;\">La technique des fl\u00e8ches descendantes<\/span><\/li>\n<li><span style=\"color: #000080;\">Les Niveaux logiques de la pens\u00e9e<\/span><\/li>\n<li><span style=\"color: #000080;\">Les Niveaux logiques de la conscience<\/span><\/li>\n<li><span style=\"color: #000080;\">Le Myers Briggs Type Indicateur (MBTI)<\/span><\/li>\n<li><span style=\"color: #000080;\">L&rsquo;Enn\u00e9agramme<\/span><\/li>\n<li><span style=\"color: #000080;\">Le Topogramme<\/span><\/li>\n<li><span style=\"color: #000080;\">La mise en situation<\/span><\/li>\n<li><span style=\"color: #000080;\">L\u2019Etat pr\u00e9sent<\/span><\/li>\n<li><span style=\"color: #000080;\">La Ligne du temps<\/span><\/li>\n<li><span style=\"color: #000080;\">L\u2019Index de la conscience<\/span><\/li>\n<li><span style=\"color: #000080;\">La verbalisation des \u00e9motions<\/span><\/li>\n<li><span style=\"color: #000080;\">La M\u00e9taphore<\/span><\/li>\n<li><span style=\"color: #000080;\">Les liens symboliques<\/span><\/li>\n<li><span style=\"color: #000080;\">Etc\u2026\u2026\u2026.<\/span><\/li>\n<\/ul>\n<\/li>\n<\/ul>\n<p><!-- \/wp:list --><\/p>\t\t\t\t\t<\/div>\n\t\t\t\t\t\t<\/div>\n\t\t\t\t<\/div>\n\t\t\t\t\t\t<\/div>\n\t\t\t\t\t<\/div>\n\t\t<\/div>\n\t\t\t\t\t\t\t\t<\/div>\n\t\t\t\t\t<\/div>\n\t\t<\/section>\n\t\t\t\t\t\t\t\t\t<\/div>\n\t\t\t<\/div>\n\t\t\t\t\t<\/div>\n\t\t","protected":false},"excerpt":{"rendered":"<p>Sentez-vous un \u00e9lan vers&nbsp; le coaching lorsque vous lisez, entendez,&nbsp; voyez&#8230;. notre vision ? Si oui, suivez-vous ! &nbsp; En [&hellip;]<\/p>\n","protected":false},"author":1,"featured_media":0,"parent":9,"menu_order":0,"comment_status":"closed","ping_status":"closed","template":"","meta":{"spay_email":""},"_links":{"self":[{"href":"https:\/\/generation-coach.com\/index.php\/wp-json\/wp\/v2\/pages\/14"}],"collection":[{"href":"https:\/\/generation-coach.com\/index.php\/wp-json\/wp\/v2\/pages"}],"about":[{"href":"https:\/\/generation-coach.com\/index.php\/wp-json\/wp\/v2\/types\/page"}],"author":[{"embeddable":true,"href":"https:\/\/generation-coach.com\/index.php\/wp-json\/wp\/v2\/users\/1"}],"replies":[{"embeddable":true,"href":"https:\/\/generation-coach.com\/index.php\/wp-json\/wp\/v2\/comments?post=14"}],"version-history":[{"count":46,"href":"https:\/\/generation-coach.com\/index.php\/wp-json\/wp\/v2\/pages\/14\/revisions"}],"predecessor-version":[{"id":2083,"href":"https:\/\/generation-coach.com\/index.php\/wp-json\/wp\/v2\/pages\/14\/revisions\/2083"}],"up":[{"embeddable":true,"href":"https:\/\/generation-coach.com\/index.php\/wp-json\/wp\/v2\/pages\/9"}],"wp:attachment":[{"href":"https:\/\/generation-coach.com\/index.php\/wp-json\/wp\/v2\/media?parent=14"}],"curies":[{"name":"wp","href":"https:\/\/api.w.org\/{rel}","templated":true}]}}