{"id":2919,"date":"2022-09-06T11:43:36","date_gmt":"2022-09-06T09:43:36","guid":{"rendered":"https:\/\/generation-coach.com\/?page_id=2919"},"modified":"2025-08-28T16:04:55","modified_gmt":"2025-08-28T14:04:55","slug":"recueil-dinformations","status":"publish","type":"page","link":"https:\/\/generation-coach.com\/index.php\/connaitre-developper-ses-competences-coach\/les-journees-supervision\/exemple-de-supervision\/recueil-dinformations\/","title":{"rendered":"Recueil d&rsquo;informations"},"content":{"rendered":"\t\t<div data-elementor-type=\"wp-page\" data-elementor-id=\"2919\" class=\"elementor elementor-2919\">\n\t\t\t\t\t\t<div class=\"elementor-inner\">\n\t\t\t\t<div class=\"elementor-section-wrap\">\n\t\t\t\t\t\t\t\t\t<section class=\"elementor-section elementor-top-section elementor-element elementor-element-3bb987c elementor-section-boxed elementor-section-height-default elementor-section-height-default\" data-id=\"3bb987c\" data-element_type=\"section\">\n\t\t\t\t\t\t<div class=\"elementor-container elementor-column-gap-default\">\n\t\t\t\t\t\t\t<div class=\"elementor-row\">\n\t\t\t\t\t<div class=\"elementor-column elementor-col-100 elementor-top-column elementor-element elementor-element-ceb65ce\" data-id=\"ceb65ce\" data-element_type=\"column\">\n\t\t\t<div class=\"elementor-column-wrap elementor-element-populated\">\n\t\t\t\t\t\t\t<div class=\"elementor-widget-wrap\">\n\t\t\t\t\t\t<div class=\"elementor-element elementor-element-926ce8c elementor-widget elementor-widget-text-editor\" data-id=\"926ce8c\" data-element_type=\"widget\" data-widget_type=\"text-editor.default\">\n\t\t\t\t<div class=\"elementor-widget-container\">\n\t\t\t\t\t\t\t\t<div class=\"elementor-text-editor elementor-clearfix\">\n\t\t\t\t<p><strong><span style=\"color: #000080;\">Le recueil d&rsquo;information correspond au chapitre VI du Livre : <span style=\"color: #800000;\">\u00ab\u00a0La solution r\u00e9v\u00e9l\u00e9e : La fin <em>(faim)<\/em> de l&rsquo;opposition &#8211; Tome 1 : appliqu\u00e9e \u00e0 la crise sanitaire (COVID-19).<\/span><\/span><\/strong><\/p><p><strong><span style=\"color: #000080;\"><span style=\"color: #800000;\"><span style=\"color: #000080;\">Vous le trouverez dans le document ci-apr\u00e8s\u00a0 ainsi que la bibliographie du livre <\/span><\/span><\/span><\/strong><span style=\"color: #000080;\"><span style=\"color: #800000;\"><span style=\"color: #000080;\"><em>(plus de 191 r\u00e9f\u00e9rences avec liens internet)<\/em><\/span><\/span><\/span><strong><span style=\"color: #000080;\"><span style=\"color: #800000;\"><br \/><\/span><\/span><\/strong><\/p><p style=\"text-align: center;\"><strong><span style=\"color: #000080;\">Pour le visionner et le t\u00e9l\u00e9charger,<\/span><\/strong><\/p><p style=\"text-align: center;\"><strong><span style=\"color: #000080;\"> cliquez sur le pdf<br \/><\/span><\/strong><\/p>\t\t\t\t\t<\/div>\n\t\t\t\t\t\t<\/div>\n\t\t\t\t<\/div>\n\t\t\t\t\t\t<\/div>\n\t\t\t\t\t<\/div>\n\t\t<\/div>\n\t\t\t\t\t\t\t\t<\/div>\n\t\t\t\t\t<\/div>\n\t\t<\/section>\n\t\t\t\t<section class=\"elementor-section elementor-top-section elementor-element elementor-element-094e6e5 elementor-section-boxed elementor-section-height-default elementor-section-height-default\" data-id=\"094e6e5\" data-element_type=\"section\">\n\t\t\t\t\t\t<div class=\"elementor-container elementor-column-gap-default\">\n\t\t\t\t\t\t\t<div class=\"elementor-row\">\n\t\t\t\t\t<div class=\"elementor-column elementor-col-100 elementor-top-column elementor-element elementor-element-c8c6c7e\" data-id=\"c8c6c7e\" data-element_type=\"column\">\n\t\t\t<div class=\"elementor-column-wrap elementor-element-populated\">\n\t\t\t\t\t\t\t<div class=\"elementor-widget-wrap\">\n\t\t\t\t\t\t<div class=\"elementor-element elementor-element-e8341e5 elementor-widget elementor-widget-image\" data-id=\"e8341e5\" data-element_type=\"widget\" data-widget_type=\"image.default\">\n\t\t\t\t<div class=\"elementor-widget-container\">\n\t\t\t\t\t\t\t\t<div class=\"elementor-image\">\n\t\t\t\t\t\t\t\t\t\t\t\t\t<a href=\"http:\/\/generation-coach.com\/wp-content\/uploads\/Recueil-infos-Biblio.pdf\">\n\t\t\t\t\t\t\t<img width=\"100\" height=\"100\" src=\"https:\/\/generation-coach.com\/wp-content\/uploads\/Imagetelechargement-100x100.png\" class=\"attachment-shop_thumbnail size-shop_thumbnail\" alt=\"\" loading=\"lazy\" \/>\t\t\t\t\t\t\t\t<\/a>\n\t\t\t\t\t\t\t\t\t\t\t\t\t\t<\/div>\n\t\t\t\t\t\t<\/div>\n\t\t\t\t<\/div>\n\t\t\t\t\t\t<\/div>\n\t\t\t\t\t<\/div>\n\t\t<\/div>\n\t\t\t\t\t\t\t\t<\/div>\n\t\t\t\t\t<\/div>\n\t\t<\/section>\n\t\t\t\t\t\t\t\t\t<\/div>\n\t\t\t<\/div>\n\t\t\t\t\t<\/div>\n\t\t","protected":false},"excerpt":{"rendered":"<p>Le recueil d&rsquo;information correspond au chapitre VI du Livre : \u00ab\u00a0La solution r\u00e9v\u00e9l\u00e9e : La fin (faim) de l&rsquo;opposition &#8211; [&hellip;]<\/p>\n","protected":false},"author":1,"featured_media":0,"parent":2901,"menu_order":0,"comment_status":"closed","ping_status":"closed","template":"","meta":{"spay_email":""},"_links":{"self":[{"href":"https:\/\/generation-coach.com\/index.php\/wp-json\/wp\/v2\/pages\/2919"}],"collection":[{"href":"https:\/\/generation-coach.com\/index.php\/wp-json\/wp\/v2\/pages"}],"about":[{"href":"https:\/\/generation-coach.com\/index.php\/wp-json\/wp\/v2\/types\/page"}],"author":[{"embeddable":true,"href":"https:\/\/generation-coach.com\/index.php\/wp-json\/wp\/v2\/users\/1"}],"replies":[{"embeddable":true,"href":"https:\/\/generation-coach.com\/index.php\/wp-json\/wp\/v2\/comments?post=2919"}],"version-history":[{"count":61,"href":"https:\/\/generation-coach.com\/index.php\/wp-json\/wp\/v2\/pages\/2919\/revisions"}],"predecessor-version":[{"id":3358,"href":"https:\/\/generation-coach.com\/index.php\/wp-json\/wp\/v2\/pages\/2919\/revisions\/3358"}],"up":[{"embeddable":true,"href":"https:\/\/generation-coach.com\/index.php\/wp-json\/wp\/v2\/pages\/2901"}],"wp:attachment":[{"href":"https:\/\/generation-coach.com\/index.php\/wp-json\/wp\/v2\/media?parent=2919"}],"curies":[{"name":"wp","href":"https:\/\/api.w.org\/{rel}","templated":true}]}}