{"id":2924,"date":"2022-09-06T11:51:34","date_gmt":"2022-09-06T09:51:34","guid":{"rendered":"https:\/\/generation-coach.com\/?page_id=2924"},"modified":"2025-06-05T16:41:36","modified_gmt":"2025-06-05T14:41:36","slug":"extrait-de-la-solution-revelee-la-fin-faim-de-lopposition","status":"publish","type":"page","link":"https:\/\/generation-coach.com\/index.php\/connaitre-developper-ses-competences-coach\/les-journees-supervision\/exemple-de-supervision\/extrait-de-la-solution-revelee-la-fin-faim-de-lopposition\/","title":{"rendered":"Extrait de : \u00ab\u00a0La solution r\u00e9v\u00e9l\u00e9e : La fin (faim) de l&rsquo;opposition&#8230;\u00a0\u00bb"},"content":{"rendered":"\t\t<div data-elementor-type=\"wp-page\" data-elementor-id=\"2924\" class=\"elementor elementor-2924\">\n\t\t\t\t\t\t<div class=\"elementor-inner\">\n\t\t\t\t<div class=\"elementor-section-wrap\">\n\t\t\t\t\t\t\t\t\t<section class=\"elementor-section elementor-top-section elementor-element elementor-element-fcc10e8 elementor-section-boxed elementor-section-height-default elementor-section-height-default\" data-id=\"fcc10e8\" data-element_type=\"section\">\n\t\t\t\t\t\t<div class=\"elementor-container elementor-column-gap-default\">\n\t\t\t\t\t\t\t<div class=\"elementor-row\">\n\t\t\t\t\t<div class=\"elementor-column elementor-col-100 elementor-top-column elementor-element elementor-element-2253517\" data-id=\"2253517\" data-element_type=\"column\">\n\t\t\t<div class=\"elementor-column-wrap elementor-element-populated\">\n\t\t\t\t\t\t\t<div class=\"elementor-widget-wrap\">\n\t\t\t\t\t\t<div class=\"elementor-element elementor-element-d6eafe1 elementor-widget elementor-widget-image\" data-id=\"d6eafe1\" data-element_type=\"widget\" data-widget_type=\"image.default\">\n\t\t\t\t<div class=\"elementor-widget-container\">\n\t\t\t\t\t\t\t\t<div class=\"elementor-image\">\n\t\t\t\t\t\t\t\t\t\t\t\t<img width=\"150\" height=\"150\" src=\"https:\/\/generation-coach.com\/wp-content\/uploads\/OeilIPeintureIngridVila-150x150.jpg\" class=\"attachment-thumbnail size-thumbnail\" alt=\"\" loading=\"lazy\" srcset=\"https:\/\/generation-coach.com\/wp-content\/uploads\/OeilIPeintureIngridVila-150x150.jpg 150w, https:\/\/generation-coach.com\/wp-content\/uploads\/OeilIPeintureIngridVila-300x300.jpg 300w, https:\/\/generation-coach.com\/wp-content\/uploads\/OeilIPeintureIngridVila-100x100.jpg 100w\" sizes=\"(max-width: 150px) 100vw, 150px\" \/>\t\t\t\t\t\t\t\t\t\t\t\t\t\t<\/div>\n\t\t\t\t\t\t<\/div>\n\t\t\t\t<\/div>\n\t\t\t\t\t\t<\/div>\n\t\t\t\t\t<\/div>\n\t\t<\/div>\n\t\t\t\t\t\t\t\t<\/div>\n\t\t\t\t\t<\/div>\n\t\t<\/section>\n\t\t\t\t<section class=\"elementor-section elementor-top-section elementor-element elementor-element-821a96d elementor-section-boxed elementor-section-height-default elementor-section-height-default\" data-id=\"821a96d\" data-element_type=\"section\">\n\t\t\t\t\t\t<div class=\"elementor-container elementor-column-gap-default\">\n\t\t\t\t\t\t\t<div class=\"elementor-row\">\n\t\t\t\t\t<div class=\"elementor-column elementor-col-100 elementor-top-column elementor-element elementor-element-946bf78\" data-id=\"946bf78\" data-element_type=\"column\">\n\t\t\t<div class=\"elementor-column-wrap elementor-element-populated\">\n\t\t\t\t\t\t\t<div class=\"elementor-widget-wrap\">\n\t\t\t\t\t\t<div class=\"elementor-element elementor-element-0d803e3 elementor-widget elementor-widget-text-editor\" data-id=\"0d803e3\" data-element_type=\"widget\" data-widget_type=\"text-editor.default\">\n\t\t\t\t<div class=\"elementor-widget-container\">\n\t\t\t\t\t\t\t\t<div class=\"elementor-text-editor elementor-clearfix\">\n\t\t\t\t<p style=\"text-align: center;\"><strong><span style=\"color: #000080;\">Oeil peint par Ingrid VILA<\/span><\/strong><\/p>\t\t\t\t\t<\/div>\n\t\t\t\t\t\t<\/div>\n\t\t\t\t<\/div>\n\t\t\t\t\t\t<\/div>\n\t\t\t\t\t<\/div>\n\t\t<\/div>\n\t\t\t\t\t\t\t\t<\/div>\n\t\t\t\t\t<\/div>\n\t\t<\/section>\n\t\t\t\t<section class=\"elementor-section elementor-top-section elementor-element elementor-element-cb09b7c elementor-section-boxed elementor-section-height-default elementor-section-height-default\" data-id=\"cb09b7c\" data-element_type=\"section\">\n\t\t\t\t\t\t<div class=\"elementor-container elementor-column-gap-default\">\n\t\t\t\t\t\t\t<div class=\"elementor-row\">\n\t\t\t\t\t<div class=\"elementor-column elementor-col-100 elementor-top-column elementor-element elementor-element-07a96d0\" data-id=\"07a96d0\" data-element_type=\"column\">\n\t\t\t<div class=\"elementor-column-wrap elementor-element-populated\">\n\t\t\t\t\t\t\t<div class=\"elementor-widget-wrap\">\n\t\t\t\t\t\t<div class=\"elementor-element elementor-element-0389439 elementor-widget elementor-widget-text-editor\" data-id=\"0389439\" data-element_type=\"widget\" data-widget_type=\"text-editor.default\">\n\t\t\t\t<div class=\"elementor-widget-container\">\n\t\t\t\t\t\t\t\t<div class=\"elementor-text-editor elementor-clearfix\">\n\t\t\t\t<p><strong><span style=\"color: #000080;\">La supervision appliqu\u00e9e \u00e0 la situation sanitaire que nous avons v\u00e9cu depuis mars 2020 a donn\u00e9 naissance \u00e0 un livre : <em><span style=\"color: #800000;\">\u00ab\u00a0la solution r\u00e9v\u00e9l\u00e9e : la fin (faim) de l&rsquo;opposition\u00a0\u00bb<\/span><\/em>.<\/span><\/strong><\/p>\n<p><strong><span style=\"color: #000080;\">J&rsquo;ai senti de l&rsquo;\u00e9crire et de laisser de c\u00f4t\u00e9 toute autre activit\u00e9, tant la confrontation \u00e0 cet \u00e9v\u00e8nement et \u00e0 la fa\u00e7on dont il a \u00e9t\u00e9 g\u00e9r\u00e9 par nos gouvernants a soulev\u00e9 de constats alarmants.<\/span><\/strong><\/p>\n<p><strong><span style=\"color: #000080;\">Cette crise a r\u00e9veill\u00e9 en moi un sentiment citoyen dont la 1\u00e8re \u00e9tape est l&rsquo;\u00e9criture de ce livre et l&rsquo;\u00e9vidence de&nbsp; partager avec le plus grand nombre, <em><span style=\"color: #800000;\">la prise de conscience<\/span><\/em> majeure qu&rsquo;il a occasionn\u00e9 en moi.<\/span><\/strong><\/p>\n<p><strong><span style=\"color: #000080;\">Comment partager ?<\/span><\/strong><\/p>\n<p><strong><span style=\"color: #000080;\">La r\u00e9ponse a \u00e9t\u00e9 de vous donner la possibilit\u00e9&nbsp; de lire&nbsp; les premi\u00e8res pages pour sentir na\u00eetre ou pas en vous l&rsquo;envie de continuer \u00e0 le lire.<\/span><\/strong><\/p>\n<p style=\"text-align: center;\"><strong><span style=\"color: #000080;\">Voici le lien <a href=\"https:\/\/www.amazon.fr\/SOLUTION-REVELEE-lopposition-crise-COVID-19\/dp\/B0C9SNQHWW\/ref=sr_1_2?__mk_fr_FR=%C3%85M%C3%85%C5%BD%C3%95%C3%91&amp;crid=1YRRKLAEBDLY8&amp;dib=eyJ2IjoiMSJ9.Zm6JuhNiZTiXdCMeSg28BZpB6JSedb5tp4UZjAmPn_L7iuTXb_7Z8yXCdJpWpcfhUZk-4UK9R101Vgb3kvg900klrSEmPo2WGBtbEMcQiW99Hi4vJIqFE713MEfmozdCjMNGG7TN_uHT2mKg1a1OcQO5Jxl01Bkcxzx4mBLj53YvHGrRJ4p8cIIdz6vhv6TCQflaRwWfDKI3YD9gU5qvW_GKMI8dl5f3EFjNQuIctbNVsBPF60PEk2qWsAaoZxEJu2EpPGzFwgmmNZqCG4Isc2S60mfHUBUoNzhHmSaJ3jo.x8vwL84zI8JihgikL6WobZMD5klZ9GXZe-vobXzF1BQ&amp;dib_tag=se&amp;keywords=la+solution+r%C3%A9v%C3%A9l%C3%A9e&amp;qid=1749133465&amp;sprefix=la+solution+r%C3%A9v%C3%A9l%C3%A9e%2Caps%2C85&amp;sr=8-2\"><u>Amazon<\/u><\/a><\/span><\/strong><\/p>\t\t\t\t\t<\/div>\n\t\t\t\t\t\t<\/div>\n\t\t\t\t<\/div>\n\t\t\t\t\t\t<\/div>\n\t\t\t\t\t<\/div>\n\t\t<\/div>\n\t\t\t\t\t\t\t\t<\/div>\n\t\t\t\t\t<\/div>\n\t\t<\/section>\n\t\t\t\t\t\t\t\t\t<\/div>\n\t\t\t<\/div>\n\t\t\t\t\t<\/div>\n\t\t","protected":false},"excerpt":{"rendered":"<p>Oeil peint par Ingrid VILA La supervision appliqu\u00e9e \u00e0 la situation sanitaire que nous avons v\u00e9cu depuis mars 2020 a [&hellip;]<\/p>\n","protected":false},"author":1,"featured_media":0,"parent":2901,"menu_order":0,"comment_status":"closed","ping_status":"closed","template":"","meta":{"spay_email":""},"_links":{"self":[{"href":"https:\/\/generation-coach.com\/index.php\/wp-json\/wp\/v2\/pages\/2924"}],"collection":[{"href":"https:\/\/generation-coach.com\/index.php\/wp-json\/wp\/v2\/pages"}],"about":[{"href":"https:\/\/generation-coach.com\/index.php\/wp-json\/wp\/v2\/types\/page"}],"author":[{"embeddable":true,"href":"https:\/\/generation-coach.com\/index.php\/wp-json\/wp\/v2\/users\/1"}],"replies":[{"embeddable":true,"href":"https:\/\/generation-coach.com\/index.php\/wp-json\/wp\/v2\/comments?post=2924"}],"version-history":[{"count":108,"href":"https:\/\/generation-coach.com\/index.php\/wp-json\/wp\/v2\/pages\/2924\/revisions"}],"predecessor-version":[{"id":3355,"href":"https:\/\/generation-coach.com\/index.php\/wp-json\/wp\/v2\/pages\/2924\/revisions\/3355"}],"up":[{"embeddable":true,"href":"https:\/\/generation-coach.com\/index.php\/wp-json\/wp\/v2\/pages\/2901"}],"wp:attachment":[{"href":"https:\/\/generation-coach.com\/index.php\/wp-json\/wp\/v2\/media?parent=2924"}],"curies":[{"name":"wp","href":"https:\/\/api.w.org\/{rel}","templated":true}]}}