{"id":633,"date":"2019-10-08T15:24:02","date_gmt":"2019-10-08T13:24:02","guid":{"rendered":"http:\/\/www.generation-coach.com\/?page_id=633"},"modified":"2025-08-28T16:05:26","modified_gmt":"2025-08-28T14:05:26","slug":"ateliers-resolutions","status":"publish","type":"page","link":"https:\/\/generation-coach.com\/index.php\/developper-son-activite-de-coach\/ateliers-resolutions\/","title":{"rendered":"Ateliers \u00ab\u00a0R\u00e9solutions(+)\u00a0\u00bb"},"content":{"rendered":"\t\t<div data-elementor-type=\"wp-page\" data-elementor-id=\"633\" class=\"elementor elementor-633\">\n\t\t\t\t\t\t<div class=\"elementor-inner\">\n\t\t\t\t<div class=\"elementor-section-wrap\">\n\t\t\t\t\t\t\t\t\t<section class=\"elementor-section elementor-top-section elementor-element elementor-element-38e3dfec elementor-section-boxed elementor-section-height-default elementor-section-height-default\" data-id=\"38e3dfec\" data-element_type=\"section\">\n\t\t\t\t\t\t<div class=\"elementor-container elementor-column-gap-default\">\n\t\t\t\t\t\t\t<div class=\"elementor-row\">\n\t\t\t\t\t<div class=\"elementor-column elementor-col-100 elementor-top-column elementor-element elementor-element-45e7f358\" data-id=\"45e7f358\" data-element_type=\"column\">\n\t\t\t<div class=\"elementor-column-wrap elementor-element-populated\">\n\t\t\t\t\t\t\t<div class=\"elementor-widget-wrap\">\n\t\t\t\t\t\t<div class=\"elementor-element elementor-element-48841d6d elementor-widget elementor-widget-text-editor\" data-id=\"48841d6d\" data-element_type=\"widget\" data-widget_type=\"text-editor.default\">\n\t\t\t\t<div class=\"elementor-widget-container\">\n\t\t\t\t\t\t\t\t<div class=\"elementor-text-editor elementor-clearfix\">\n\t\t\t\t<p><!-- wp:paragraph --><\/p>\n<h3 style=\"text-align: center;\"><span style=\"color: #800000;\"><strong>Int\u00e9r\u00eat<\/strong><\/span><\/h3>\n<p><span style=\"color: #000080;\">Ces ateliers sont centr\u00e9s sur la <strong><em>r\u00e9solution de situations probl\u00e9matiques<\/em><\/strong>, gr\u00e2ce \u00e0 la compr\u00e9hension et l&rsquo;int\u00e9gration de<strong> clefs de r\u00e9solution<\/strong> simples, utilisables par tous.\u00a0 \u00a0 \u00a0 <\/span><\/p>\n<p><span style=\"color: #000080;\"><!-- \/wp:paragraph --><!-- wp:paragraph --><\/span><\/p>\n<p><span style=\"color: #000080;\">Ces clefs ainsi que la mani\u00e8re de les mettre en oeuvre, sont autant d&rsquo;<strong>id\u00e9es<\/strong> op\u00e9rationnelles \u00e0 r\u00e9utiliser pour <strong>d\u00e9velopper l&rsquo;activit\u00e9<\/strong> des coachs participants.<\/span><\/p>\n<h3 style=\"text-align: center;\"><span style=\"color: #800000;\"><strong>Public<\/strong><\/span><\/h3>\n<p><span style=\"color: #000080;\"><!-- \/wp:paragraph --><!-- wp:paragraph --><\/span><\/p>\n<p><span style=\"color: #000080;\">Elles sont ouvertes aux <strong>coachs<\/strong> en activit\u00e9 et \u00e0 un <strong>public sensibilis\u00e9<\/strong> aux th\u00e8mes qui y sont abord\u00e9s.<\/span><\/p>\n<h3 style=\"text-align: center;\"><span style=\"color: #800000;\"><strong>Th\u00e8mes<\/strong><\/span><\/h3>\n<ul>\n<li><span style=\"color: #000080;\"><strong>Comment r\u00e9aliser son projet professionnel en abandonnant <span style=\"color: #800000;\"><em>\u00ab\u00a0comment\u00a0\u00bb<\/em><\/span><\/strong> ?<\/span><\/li>\n<li><span style=\"color: #000080;\"><strong>Quelle clef de compr\u00e9hension permet de r\u00e9aliser sans attendre ?<\/strong><\/span><\/li>\n<li><strong><span style=\"color: #000080;\">La s\u00e9r\u00e9nit\u00e9 par tous les temps ?<\/span><\/strong><\/li>\n<li><strong><span style=\"color: #000080;\">Obtenir des autres \u00e0 volont\u00e9 ?<\/span><\/strong><\/li>\n<li><strong><span style=\"color: #000080;\">Juste agir sans r\u00e9agir ?<\/span><\/strong><\/li>\n<li><strong><span style=\"color: #000080;\">Ancrer de prosp\u00e9rer ?<\/span><\/strong><\/li>\n<li><strong><span style=\"color: #000080;\">Gai ire<em> (gu\u00e9rir)<\/em> ?<\/span><\/strong><\/li>\n<li><strong><span style=\"color: #000080;\">Cr\u00e9er comme respirer ?<\/span><\/strong><\/li>\n<li><strong><span style=\"color: #000080;\">Comprendre comme prendre ?<\/span><\/strong><\/li>\n<li><strong><span style=\"color: #000080;\">Comment augmenter sa client\u00e8le sans prospecter ?<\/span><\/strong><\/li>\n<li><strong><span style=\"color: #000080;\">Imagine-action ?<\/span><\/strong><\/li>\n<li><strong><span style=\"color: #000080;\">la Fin (faim) de l&rsquo;opposition ? <\/span><\/strong><\/li>\n<li>&#8230;&#8230;&#8230;.<\/li>\n<\/ul>\n<h3 style=\"text-align: center;\"><span style=\"color: #800000;\"><strong>Structure<\/strong><\/span><\/h3>\n<p><span style=\"color: #000080;\">Ces ateliers sont r\u00e9alis\u00e9s \u00e0 partir de l&rsquo;\u00e9coute et de l&rsquo;observation de l&rsquo;ici-maintenant, ils s&rsquo;articulent jusqu&rsquo;\u00e0 aujourd&rsquo;hui, autour des 3 \u00e9tapes suivantes :<\/span><\/p>\n<ul>\n<li><span style=\"color: #000080;\"><strong>Observation<\/strong> de l&rsquo;\u00e9tat du savoir-faire <em>ici-maintenant<\/em><\/span><\/li>\n<li><span style=\"color: #000080;\"><strong>Mise en situation <\/strong>d&rsquo;exp\u00e9rimenter la clef de r\u00e9solution <em>ici-maintenant<\/em><\/span><\/li>\n<li><span style=\"color: #000080;\"><strong>Debriefing<\/strong> de l&rsquo;exp\u00e9rience de la clef de r\u00e9solution, ici-maintenant et \u00e0 distance <em>(Via Askabox)<\/em><\/span><\/li>\n<\/ul>\n<h3 style=\"text-align: center;\"><span style=\"color: #800000;\"><strong>Calendrier 2025<\/strong><\/span><\/h3>\n<p><span style=\"color: #000080;\">Ces ateliers sont organis\u00e9s <strong>1 jour par mois,<\/strong> de<strong><em> janvier \u00e0 juin, <\/em><\/strong>de <strong>9h \u00e0 13h<\/strong> et de <strong>14h \u00e0 18h<\/strong><\/span><\/p>\n<div>\n<p style=\"color: rgba(255, 255, 255, 0.14); text-align: center;\"><span style=\"color: #800000;\"><strong>Prix\u00a0<\/strong><\/span><\/p>\n<ul style=\"color: rgba(255, 255, 255, 0.14);\">\n<li><span style=\"color: #000080;\"><strong><em>70 \u20ac TTC\u00a0<\/em>\/ personne \/ jour en pr\u00e9sentiel ou sur ZOOM &#8211; hors repas<\/strong><\/span><\/li>\n<\/ul>\n<\/div>\n<div>\u00a0<\/div>\n<div style=\"text-align: center;\"><span style=\"color: #800000;\"><strong>Lieu<\/strong><\/span><\/div>\n<p style=\"padding-left: 40px;\"><span style=\"color: #000080;\">Ces journ\u00e9es ont lieu au <span style=\"color: #800000;\"><strong>\u00ab\u00a0Domaine de la Dune\u00a0\u00bb<\/strong><\/span><\/span><em style=\"color: #000080;\"> : <span style=\"color: #000080;\"><a style=\"color: #000080;\" href=\"http:\/\/www.ladune-arcachon.fr\">http:\/\/www.ladune-arcachon.fr &#8211; <\/a><\/span><\/em><span style=\"color: #000080;\">156 Bvd de la C\u00f4te d&rsquo;Argent &#8211; 33 120 <strong>Arcachon<\/strong> ou sur <strong><span style=\"color: #800000;\">ZOOM<\/span>\u00a0<\/strong><\/span><\/p>\n<h3 style=\"text-align: center;\"><span style=\"color: #000080;\"><a style=\"color: #000080;\" href=\"http:\/\/www.generation-coach.com\/index.php\/contact-2\/contact\/\">Demander le calendrier &amp; s&rsquo;inscrire<\/a><\/span><\/h3>\n<h3 style=\"text-align: center;\"><a href=\"http:\/\/generation-coach.com\/index.php\/contact-2\/\"><span style=\"color: #000080;\">Donner son avis<\/span><\/a><\/h3>\t\t\t\t\t<\/div>\n\t\t\t\t\t\t<\/div>\n\t\t\t\t<\/div>\n\t\t\t\t\t\t<\/div>\n\t\t\t\t\t<\/div>\n\t\t<\/div>\n\t\t\t\t\t\t\t\t<\/div>\n\t\t\t\t\t<\/div>\n\t\t<\/section>\n\t\t\t\t\t\t\t\t\t<\/div>\n\t\t\t<\/div>\n\t\t\t\t\t<\/div>\n\t\t","protected":false},"excerpt":{"rendered":"<p>Int\u00e9r\u00eat Ces ateliers sont centr\u00e9s sur la r\u00e9solution de situations probl\u00e9matiques, gr\u00e2ce \u00e0 la compr\u00e9hension et l&rsquo;int\u00e9gration de clefs de [&hellip;]<\/p>\n","protected":false},"author":1,"featured_media":0,"parent":636,"menu_order":0,"comment_status":"closed","ping_status":"closed","template":"","meta":{"spay_email":""},"_links":{"self":[{"href":"https:\/\/generation-coach.com\/index.php\/wp-json\/wp\/v2\/pages\/633"}],"collection":[{"href":"https:\/\/generation-coach.com\/index.php\/wp-json\/wp\/v2\/pages"}],"about":[{"href":"https:\/\/generation-coach.com\/index.php\/wp-json\/wp\/v2\/types\/page"}],"author":[{"embeddable":true,"href":"https:\/\/generation-coach.com\/index.php\/wp-json\/wp\/v2\/users\/1"}],"replies":[{"embeddable":true,"href":"https:\/\/generation-coach.com\/index.php\/wp-json\/wp\/v2\/comments?post=633"}],"version-history":[{"count":107,"href":"https:\/\/generation-coach.com\/index.php\/wp-json\/wp\/v2\/pages\/633\/revisions"}],"predecessor-version":[{"id":3364,"href":"https:\/\/generation-coach.com\/index.php\/wp-json\/wp\/v2\/pages\/633\/revisions\/3364"}],"up":[{"embeddable":true,"href":"https:\/\/generation-coach.com\/index.php\/wp-json\/wp\/v2\/pages\/636"}],"wp:attachment":[{"href":"https:\/\/generation-coach.com\/index.php\/wp-json\/wp\/v2\/media?parent=633"}],"curies":[{"name":"wp","href":"https:\/\/api.w.org\/{rel}","templated":true}]}}